{"id":32,"date":"2015-11-05T16:55:21","date_gmt":"2015-11-05T16:55:21","guid":{"rendered":"http:\/\/english2016-m.elderplan.org\/?page_id=32"},"modified":"2025-10-09T14:34:38","modified_gmt":"2025-10-09T18:34:38","slug":"disclaimers","status":"publish","type":"page","link":"https:\/\/elderplan0.wpengine.com\/zh\/disclaimers\/","title":{"rendered":"\u514d\u8cac\u8072\u660e"},"content":{"rendered":"<section class=\"wpb-content-wrapper\">\n<div class=\"wp-block-columns padding-interior is-layout-flex wp-container-core-columns-is-layout-9d6595d7 wp-block-columns-is-layout-flex\">\n<div class=\"wp-block-column is-layout-flow wp-block-column-is-layout-flow\" style=\"flex-basis:66.66%\">\n<p>Elderplan\uff08\u9577\u8001\u8a08\u5283\uff09\u662f\u4e00\u9805\u8207 Medicare \u806f\u90a6\u91ab\u7642\u4fdd\u96aa\u548c Medicaid \u91ab\u7642\u88dc\u52a9\u7c3d\u6709\u5408\u7d04\u7684 HMO \u8a08\u5283\u3002\u00a0 \u80fd\u5426\u53c3\u4fdd Elderplan\uff08\u9577\u8001\u8a08\u5283\uff09\u8996\u5408\u7d04\u7e8c\u7c3d\u60c5\u6cc1\u800c\u5b9a\u3002<\/p>\n\n\n\n<p>\u9664\u975e\u662f\u6025\u8a3a\u60c5\u6cc1\uff0c\u5426\u5247\u7db2\u7d61\u5916\/\u975e\u5408\u7d04\u63d0\u4f9b\u8005\u7121\u7fa9\u52d9\u6cbb\u7642 Elderplan\uff08\u9577\u8001\u8a08\u5283\uff09\u6703\u54e1\u3002 \u8acb\u81f4\u96fb\u6211\u5011\u5ba2\u6236\u670d\u52d9\u90e8\u7684\u96fb\u8a71\u865f\u78bc\uff0c\u6216\u8005\u53c3\u95b1\u60a8\u7684\u627f\u4fdd\u7bc4\u570d\u8aaa\u660e\u66f8\uff0c\u77ad\u89e3\u66f4\u591a\u8cc7\u8a0a\uff0c\u5176\u4e2d\u5305\u62ec\u9069\u7528\u65bc\u7db2\u7d61\u5916\u670d\u52d9\u7684\u8cbb\u7528\u5206\u6524\u8cc7\u8a0a\u3002<\/p>\n\n\n\n<p>Medicare \u806f\u90a6\u91ab\u7642\u4fdd\u96aa\u53d7\u76ca\u4eba\u4e5f\u53ef\u4ee5\u900f\u904e\u4f4d\u65bc Medicare \u806f\u90a6\u91ab\u7642\u4fdd\u96aa\u7db2\u7ad9\u4e0a\u7684 CMS Medicare \u806f\u90a6\u91ab\u7642\u4fdd\u96aa\u7dda\u4e0a\u8a3b\u518a\u4e2d\u5fc3\u8a3b\u518a Elderplan\uff08\u9577\u8001\u8a08\u5283\uff09\uff1a<a href=\"https:\/\/www.medicare.gov\/\" rel=\"noreferrer noopener\" target=\"_blank\">English<\/a>\u00a0|\u00a0<a href=\"https:\/\/es.medicare.gov\/\" rel=\"noreferrer noopener\" target=\"_blank\">Espa\u00f1ol<\/a>.<\/p>\n\n\n\n<p>\u60a8\u53ef\u80fd\u53ef\u4ee5\u53d6\u5f97\u300c\u984d\u5916\u8f14\u52a9\u300d\u4f86\u652f\u4ed8\u60a8\u7684\u8655\u65b9\u85e5\u4fdd\u8cbb\u8207\u8cbb\u7528\u3002 \u5982\u9700\u77ad\u89e3\u60a8\u662f\u5426\u7b26\u5408\u7372\u5f97\u300c\u984d\u5916\u8f14\u52a9\u300d\u7684\u8cc7\u683c\uff0c\u8acb\u81f4\u96fb\uff1a<\/p>\n\n\n\n<ul class=\"wp-block-list\">\n<li><a href=\"tel:1-800-633-4227\">1-800-MEDICARE<\/a>\u00a0(<a href=\"tel:1-800-633-4227\">1-800-633-4227<\/a>)\u3002 TTY \u7528\u6236\u61c9\u81f4\u96fb\u00a0<a href=\"tel:1-877-486-2048\">1-877-486-2048<\/a>\uff0c\u6bcf\u9031 7 \u5929\uff0c\u6bcf\u5929 24 \u5c0f\u6642\uff1b<\/li>\n\n\n\n<li>\u793e\u6703\u5b89\u5168\u8fa6\u516c\u5ba4\u7684\u96fb\u8a71\u70ba\u00a0<a href=\"tel:1-800-772-1213\">1-800-772-1213<\/a>\uff0c\u670d\u52d9\u6642\u9593\u70ba\u9031\u4e00\u81f3\u9031\u4e94\uff0c \u65e9 7 \u9ede\u81f3\u665a 7 \u9ede\u3002 TTY \u4f7f\u7528\u8005\u61c9\u81f4\u96fb\u00a0<a href=\"tel:1-877-486-2048\">1-877-486-2048<\/a>\uff1b\u6216<\/li>\n\n\n\n<li>\u60a8\u7684\u5dde Medicaid \u8fa6\u516c\u5ba4<\/li>\n<\/ul>\n\n\n\n<hr class=\"wp-block-separator has-alpha-channel-opacity\">\n\n\n\n<h3 class=\"wp-block-heading\" id=\"h-elderplan-inc-\u662f\u4e00\u5bb6\u6839\u64da\u7d10\u7d04\u5dde-\u975e\u71df\u5229\u6027\u516c\u53f8\u6cd5-\u8a3b\u518a\u6210\u7acb\u7684\u516c\u53f8\">Elderplan, Inc. \u662f\u4e00\u5bb6\u6839\u64da\u7d10\u7d04\u5dde\u300a\u975e\u71df\u5229\u6027\u516c\u53f8\u6cd5\u300b\u8a3b\u518a\u6210\u7acb\u7684\u516c\u53f8\u3002<\/h3>\n\n\n\n<hr class=\"wp-block-separator has-alpha-channel-opacity\">\n\n\n\n<h3 class=\"wp-block-heading\" id=\"h-\u8a9e\u8a00\u5354\u52a9\">\u8a9e\u8a00\u5354\u52a9<\/h3>\n\n\n\n<p><strong>\u82f1\u6587<\/strong>\uff1a<br>\u8acb\u6ce8\u610f\uff1a \u6211\u5011\u70ba\u60a8\u63d0\u4f9b\u514d\u8cbb\u7684\u8a9e\u8a00\u8f14\u52a9\u670d\u52d9\u548c\u5176\u4ed6\u8f14\u52a9\u5de5\u5177\u3002 \u8acb\u81f4\u96fb <a href=\"tel:+18777711119\">1-877-771-1119<\/a> (TTY:711)\u3002<br><strong>\u897f\u73ed\u7259\u8a9e<\/strong>\uff1a<br>ATENCI\u00d3N: Dispone de servicios de asistencia ling\u00fc\u00edstica y otras ayudas, gratis. Llame al <a href=\"tel:+18777711119\">1-877-771-1119<\/a> (TTY:711).<br><strong>\u4e2d\u6587<\/strong>\uff1a<br>\u8bf7\u6ce8\u610f\uff1a\u60a8\u53ef\u4ee5\u514d\u8d39\u83b7\u5f97\u8bed\u8a00\u534f\u52a9\u670d\u52a1\u548c\u5176\u4ed6\u8f85\u52a9\u670d\u52a1\u3002\u8bf7\u81f4\u7535 <a href=\"tel:+18777711119\">1-877-771-1119<\/a> (TTY:711)\u3002<br><strong>\u963f\u62c9\u4f2f\u8a9e<\/strong>\uff1a<br>\u0645\u0644\u0627\u062d\u0638\u0629: \u062e\u062f\u0645\u0627\u062a \u0627\u0644\u0645\u0633\u0627\u0639\u062f\u0629 \u0627\u0644\u0644\u063a\u0648\u064a\u0629 \u0648\u0627\u0644\u0645\u0633\u0627\u0639\u062f\u0627\u062a \u0627\u0644\u0623\u062e\u0631\u0649 \u0627\u0644\u0645\u062c\u0627\u0646\u064a\u0629 \u0645\u062a\u0627\u062d\u0629 \u0644\u0643. \u0627\u062a\u0635\u0644 \u0628\u0627\u0644\u0631\u0642\u0645 <a href=\"tel:+18777711119\">1-877-771-1119<\/a> (TTY:711).<br><strong>\u97d3\u6587<\/strong>\uff1a<br>\uc8fc\uc758: \uc5b8\uc5b4 \uc9c0\uc6d0 \uc11c\ube44\uc2a4 \ubc0f \uae30\ud0c0 \uc9c0\uc6d0\uc744 \ubb34\ub8cc\ub85c \uc774\uc6a9\ud558\uc2e4 \uc218 \uc788\uc2b5\ub2c8\ub2e4. <a href=\"tel:+18777711119\">1-877-771-1119<\/a> (TTY:711) \ubc88\uc73c\ub85c \uc5f0\ub77d\ud574 \uc8fc\uc2ed\uc2dc\uc624.<br><strong>\u4fc4\u6587<\/strong>\uff1a<br>\u0412\u041d\u0418\u041c\u0410\u041d\u0418\u0415! \u0412\u0430\u043c \u0434\u043e\u0441\u0442\u0443\u043f\u043d\u044b \u0431\u0435\u0441\u043f\u043b\u0430\u0442\u043d\u044b\u0435 \u0443\u0441\u043b\u0443\u0433\u0438 \u043f\u0435\u0440\u0435\u0432\u043e\u0434\u0447\u0438\u043a\u0430 \u0438 \u0434\u0440\u0443\u0433\u0438\u0435 \u0432\u0438\u0434\u044b \u043f\u043e\u043c\u043e\u0449\u0438. \u0417\u0432\u043e\u043d\u0438\u0442\u0435 \u043f\u043e \u043d\u043e\u043c\u0435\u0440\u0443 <a href=\"tel:+18777711119\">1-877-771-1119<\/a> (TTY:711).<br><strong>\u610f\u5927\u5229\u6587<\/strong>\uff1a<br>ATTENZIONE: Sono disponibili servizi di assistenza linguistica e altri ausili gratuiti. Chiamare il <a href=\"tel:+18777711119\">1-877-771-1119<\/a> (TTY:711).<br><strong>\u6cd5\u8a9e<\/strong>\uff1a<br>ATTENTION: Des services d\u2019assistance linguistique et d\u2019autres ressources d\u2019aide vous sont offerts gratuitement. Composez le <a href=\"tel:+18777711119\">1-877-771-1119<\/a> (TTY:711).<br><strong>\u6cd5\u570b\u514b\u91cc\u5967\u723e\u6587<\/strong>\uff1a<br>ATANSYON: Gen s\u00e8vis pou bay asistans nan lang ak l\u00f2t \u00e8d ki disponib gratis pou ou. Rele <a href=\"tel:+18777711119\">1-877-771-1119<\/a> (TTY:711).<br><strong>\u610f\u7b2c\u7dd2\u6587<\/strong>\uff1a<br>\u05d0\u05db\u05d8\u05d5\u05e0\u05d2: \u05e9\u05e4\u05e8\u05d0\u05da \u05d4\u05d9\u05dc\u05e3 \u05e1\u05e2\u05e8\u05d5\u05d5\u05d9\u05e1\u05e2\u05e1 \u05d0\u05d5\u05df \u05d0\u05e0\u05d3\u05e2\u05e8\u05e2 \u05d4\u05d9\u05dc\u05e3, \u05d6\u05e2\u05e0\u05e2\u05df \u05d0\u05d5\u05d5\u05e2\u05d9\u05dc\u05e2\u05d1\u05dc \u05e4\u05d0\u05e8 \u05d0\u05d9\u05d9\u05da \u05d0\u05d5\u05de\u05d6\u05d9\u05e1\u05d8. \u05e8\u05d5\u05e4\u05d8 (TTY:711) <a href=\"tel:+18777711119\">1-877-771-1119<\/a>.<br><strong>\u6ce2\u862d\u8a9e<\/strong>\uff1a<br>UWAGA: Dost\u0119pne s\u0105 bezp\u0142atne us\u0142ugi j\u0119zykowe oraz inne formy pomocy. Zadzwo\u0144: <a href=\"tel:+18777711119\">1-877-771-1119<\/a> (TTY:711)\u3002<br><strong>\u4ed6\u52a0\u797f\u8a9e<\/strong>\uff1a<br>ATENSYON: Available ang mga serbisyong tulong sa wika at iba pang tulong nang libre. Tumawag sa <a href=\"tel:+18777711119\">1-877-771-1119<\/a> (TTY:711).<br><strong>Bengali<\/strong>:<br>\u09ae\u09a8\u09cb\u09af\u09cb\u0997 \u09a8\u09be\u09ae\u09c2\u09b2\u09cd\u09af\u09c7 \u09ad\u09be\u09b7\u09be \u09b8\u09b9\u09be\u09af\u09bc\u09a4\u09be \u09aa\u09b0\u09bf\u09b7\u09c7\u09ac\u09be \u098f\u09ac\u0982 \u0985\u09a8\u09cd\u09af\u09be\u09a8\u09cd\u09af \u09b8\u09be\u09b9\u09be\u09af\u09cd\u09af \u0986\u09aa\u09a8\u09be\u09b0 \u099c\u09a8\u09cd\u09af \u0989\u09aa\u09b2\u09ac\u09cd\u09a7\u0964 <a href=\"tel:+18777711119\">1-877-771-1119<\/a> (TTY:711)-\u098f \u09ab\u09cb\u09a8 \u0995\u09b0\u09c1\u09a8\u0964<br><strong>Albanian<\/strong>:<br>VINI RE: P\u00ebr ju disponohen sh\u00ebrbime asistence gjuh\u00ebsore dhe ndihma t\u00eb tjera falas. Telefononi <a href=\"tel:+18777711119\">1-877-771-1119<\/a> (TTY:711).<br><strong>Greek<\/strong>:<br>\u03a0\u03a1\u039f\u03a3\u039f\u03a7\u0397: \u03a5\u03c0\u03b7\u03c1\u03b5\u03c3\u03af\u03b5\u03c2 \u03b3\u03bb\u03c9\u03c3\u03c3\u03b9\u03ba\u03ae\u03c2 \u03b2\u03bf\u03ae\u03b8\u03b5\u03b9\u03b1\u03c2 \u03ba\u03b1\u03b9 \u03ac\u03bb\u03bb\u03b1 \u03b2\u03bf\u03b7\u03b8\u03ae\u03bc\u03b1\u03c4\u03b1 \u03b5\u03af\u03bd\u03b1\u03b9 \u03c3\u03c4\u03b7 \u03b4\u03b9\u03ac\u03b8\u03b5\u03c3\u03ae \u03c3\u03b1\u03c2, \u03b4\u03c9\u03c1\u03b5\u03ac\u03bd. \u039a\u03b1\u03bb\u03ad\u03c3\u03c4\u03b5 \u03c3\u03c4\u03bf <a href=\"tel:+18777711119\">1-877-771-1119<\/a> (TTY:711).<br><strong>\u70cf\u723e\u90fd\u6587<\/strong>:\u00a0<br>\u062a\u0648\u062c\u06c1 \u0641\u0631\u0645\u0627\u0626\u06cc\u06ba: \u0632\u0628\u0627\u0646 \u0645\u06cc\u06ba \u0645\u0639\u0627\u0648\u0646\u062a \u06a9\u06cc \u062e\u062f\u0645\u0627\u062a \u0627\u0648\u0631 \u062f\u06cc\u06af\u0631 \u0645\u0639\u0627\u0648\u0646\u062a\u06cc\u06ba \u0622\u067e \u06a9\u06d2 \u0644\u06cc\u06d2 \u0628\u0644\u0627 \u0645\u0639\u0627\u0648\u0636\u06c1 \u062f\u0633\u062a\u06cc\u0627\u0628 \u06c1\u06cc\u06ba\u06d4 \u06a9\u0627\u0644 \u06a9\u0631\u06cc\u06ba\u00a0 (TTY:711) <a href=\"tel:+18777711119\">1-877-771-1119<\/a>\u06d4\u00a0<\/p>\n\n\n\n<p><strong><a href=\"https:\/\/zh-tw-rgtbsyae-p.proxy.cqfluency.com\/elderplan\/disclaimers\/notice-of-nondiscrimination\/\">\u975e\u6b67\u8996\u6027\u8072\u660e<\/a><\/strong><\/p>\n<\/div>\n\n\n\n<div class=\"wp-block-column is-layout-flow wp-block-column-is-layout-flow\" style=\"flex-basis:33.33%\">\n<p class=\"has-text-align-center\">Questions? Call Elderplan today.<\/p>\n\n\n\n<h4 class=\"wp-block-heading has-text-align-center\" id=\"h-1-866-360-1934\"><a href=\"tel:1-866-360-1934\">1-866-360-1934<\/a><\/h4>\n\n\n\n<hr class=\"wp-block-separator has-alpha-channel-opacity hr\">\n\n\n\n<h4 class=\"wp-block-heading has-text-align-center\" id=\"h-tty-711\"><a href=\"tel:711\">[TTY: 711]<\/a><\/h4>\n\n\n\n<p class=\"has-text-align-center\"><strong>Hours of Operation:<\/strong><br>8 a.m. to 8 p.m., 7 days a week<\/p>\n\n\n\n<div style=\"height:10px\" aria-hidden=\"true\" class=\"wp-block-spacer\"><\/div>\n\n\n\n<h5 class=\"wp-block-heading has-text-align-center\" id=\"h-elderplan-is-available-in-the-bronx-dutchess-kings-monroe-nassau-new-york-orange-putnam-queens-richmond-rockland-suffolk-westchester-ontario-orleans-seneca-yates-and-livingston-counties\">Elderplan is available in the Bronx, Dutchess, Kings, Monroe, Nassau, New York, Orange, Putnam, Queens, Richmond, Rockland, Suffolk, Westchester, Ontario, Orleans, Seneca, Yates, and Livingston counties.<\/h5>\n<\/div>\n<\/div>\n\n\n\n<div class=\"wp-block-columns vc_row wpb_row vc_row-fluid lfi-full-row vc_custom_1660068779200 vc_row-has-fill is-layout-flex wp-container-core-columns-is-layout-9d6595d7 wp-block-columns-is-layout-flex\">\n<div class=\"wp-block-column is-layout-flow wp-block-column-is-layout-flow\">\n<h2 class=\"wp-block-heading has-text-align-center\" id=\"h-\u5c0b\u627e\u8cc7\u8a0a\">\u5c0b\u627e\u8cc7\u8a0a\uff1f<\/h2>\n\n\n\n<div class=\"wp-block-buttons is-content-justification-center is-nowrap is-layout-flex wp-container-core-buttons-is-layout-94bc23d7 wp-block-buttons-is-layout-flex\">\n<div class=\"wp-block-button is-style-outline is-style-outline--2\"><a class=\"wp-block-button__link wp-element-button\" href=\"https:\/\/elderplan.providerlenz.com\/home\">\u67e5\u627e\u91ab\u7642\u670d\u52d9\u63d0\u4f9b\u8005<\/a><\/div>\n\n\n\n<div class=\"wp-block-button is-style-outline is-style-outline--3\"><a class=\"wp-block-button__link wp-element-button\" href=\"https:\/\/www.medicareplanrx.com\/PharmacyLocator\/?contractId=H3347&amp;lang=en&amp;year=2025&amp;clientId=143\">\u5c0b\u627e\u85e5\u623f<\/a><\/div>\n\n\n\n<div class=\"wp-block-button is-style-outline is-style-outline--4\"><a class=\"wp-block-button__link wp-element-button\" href=\"https:\/\/www.yourdentalplan.com\/dentistsearch39\" target=\"_blank\" rel=\"noreferrer noopener\">\u5c0b\u627e\u7259\u91ab<\/a><\/div>\n<\/div>\n\n\n\n<div class=\"wp-block-buttons is-content-justification-center is-nowrap is-layout-flex wp-container-core-buttons-is-layout-94bc23d7 wp-block-buttons-is-layout-flex\">\n<div class=\"wp-block-button is-style-outline is-style-outline--5\"><a class=\"wp-block-button__link wp-element-button\" href=\"\/zh\/member-benefits\/elderplan-benefits\/prescription-drugs\/\">\u5c0b\u627e\u85e5\u7269<\/a><\/div>\n\n\n\n<div class=\"wp-block-button is-style-outline is-style-outline--6\"><a class=\"wp-block-button__link wp-element-button\" href=\"\/zh\/medicare-advantage-plan-options\/plan-materials\/find-a-form\/\">\u5c0b\u627e\u8868\u683c<\/a><\/div>\n\n\n\n<div class=\"wp-block-button is-style-outline is-style-outline--7\"><a class=\"wp-block-button__link wp-element-button\" href=\"\/files\/elderplan-broad-vaccine-network-vaccine-pharmacy-directory_updated_06012022_eng_accessible\/\" target=\"_blank\" rel=\"noreferrer noopener\">\u6d41\u611f\u75ab\u82d7\u85e5\u623f\u6e05\u55ae<\/a><\/div>\n<\/div>\n<\/div>\n<\/div>\n<\/section>","protected":false},"excerpt":{"rendered":"<p>Elderplan\uff08\u9577\u8001\u8a08\u5283\uff09\u662f\u4e00\u9805\u8207 Medicare \u806f [&hellip;]<\/p>\n","protected":false},"author":1,"featured_media":0,"parent":0,"menu_order":27,"comment_status":"closed","ping_status":"closed","template":"","meta":{"_acf_changed":false,"footnotes":""},"categories":[],"class_list":["post-32","page","type-page","status-publish","hentry"],"translation":{"provider":"WPGlobus","version":"3.0.0","language":"zh","enabled_languages":["en","es","zh"],"languages":{"en":{"title":true,"content":true,"excerpt":false},"es":{"title":true,"content":true,"excerpt":false},"zh":{"title":true,"content":true,"excerpt":false}}},"acf":[],"jetpack_sharing_enabled":true,"publishpress_future_action":{"enabled":false,"date":"2026-04-12 14:09:17","action":"change-status","newStatus":"draft","terms":[],"taxonomy":"category","extraData":[]},"publishpress_future_workflow_manual_trigger":{"enabledWorkflows":[]},"_links":{"self":[{"href":"https:\/\/elderplan0.wpengine.com\/zh\/wp-json\/wp\/v2\/pages\/32","targetHints":{"allow":["GET"]}}],"collection":[{"href":"https:\/\/elderplan0.wpengine.com\/zh\/wp-json\/wp\/v2\/pages"}],"about":[{"href":"https:\/\/elderplan0.wpengine.com\/zh\/wp-json\/wp\/v2\/types\/page"}],"author":[{"embeddable":true,"href":"https:\/\/elderplan0.wpengine.com\/zh\/wp-json\/wp\/v2\/users\/1"}],"replies":[{"embeddable":true,"href":"https:\/\/elderplan0.wpengine.com\/zh\/wp-json\/wp\/v2\/comments?post=32"}],"version-history":[{"count":0,"href":"https:\/\/elderplan0.wpengine.com\/zh\/wp-json\/wp\/v2\/pages\/32\/revisions"}],"wp:attachment":[{"href":"https:\/\/elderplan0.wpengine.com\/zh\/wp-json\/wp\/v2\/media?parent=32"}],"wp:term":[{"taxonomy":"category","embeddable":true,"href":"https:\/\/elderplan0.wpengine.com\/zh\/wp-json\/wp\/v2\/categories?post=32"}],"curies":[{"name":"wp","href":"https:\/\/api.w.org\/{rel}","templated":true}]}}