{"id":9692,"date":"2019-11-04T21:55:15","date_gmt":"2019-11-04T21:55:15","guid":{"rendered":"https:\/\/elderplan.wpengine.com\/?page_id=9692"},"modified":"2024-11-06T15:47:45","modified_gmt":"2024-11-06T20:47:45","slug":"fraud-waste-and-abuse","status":"publish","type":"page","link":"https:\/\/elderplan0.wpengine.com\/es\/fraud-waste-and-abuse\/","title":{"rendered":"Programa e informes sobre cumplimiento y fraude, uso indebido y abuso (FWA)"},"content":{"rendered":"<section class=\"wpb-content-wrapper\">\n<div class=\"wp-block-columns is-layout-flex wp-container-core-columns-is-layout-9d6595d7 wp-block-columns-is-layout-flex\">\n<div class=\"wp-block-column padding-interior is-layout-flow wp-block-column-is-layout-flow\">\n<p>Bienvenido a la p\u00e1gina Programa e informes sobre cumplimiento y fraude, uso indebido y abuso de Elderplan. Elderplan es una organizaci\u00f3n que se enorgullece de sus s\u00f3lidos valores de responsabilidad e integridad. Estamos comprometidos con la integridad profesional, el cumplimiento legal y reglamentario y la conducta \u00e9tica. Nuestro compromiso est\u00e1 respaldado por nuestro Programa de Cumplimiento y nuestro C\u00f3digo de conducta, que son p\u00fablicos y est\u00e1n basados en el extenso legado de nuestra organizaci\u00f3n de brindar atenci\u00f3n a cada uno de nosotros y a todos los que cruzan nuestras puertas. El C\u00f3digo de conducta de Elderplan se basa en nuestros valores centrales: compromiso, atenci\u00f3n, respeto, excelencia, honestidad, responsabilidad, sostenibilidad y liderazgo.<\/p>\n\n\n\n<p>Ver el <a href=\"https:\/\/elderplan.us-east-1.linodeobjects.com\/2022-CodeofConduct_upt.pdf\" target=\"_blank\" rel=\"noreferrer noopener\"> C\u00f3digo de conducta de Elderplan <\/a><a class=\"magnific-inline accessibility\" title=\"Aviso de accesibilidad\" href=\"#accessibility-notice\"><img decoding=\"async\" src=\"https:\/\/elderplan0.wpengine.com\/wp-content\/themes\/elderplan\/images\/mjhs-accessibility-notice.png\" alt=\"\u00cdcono de accesibilidad\"><\/a>.<\/p>\n\n\n\n<div style=\"height:15px\" aria-hidden=\"true\" class=\"wp-block-spacer\"><\/div>\n\n\n\n<h2 class=\"wp-block-heading\" id=\"h-informe-sobre-cumplimiento-y-fraude-uso-indebido-y-abuso-fwa\">Informe sobre cumplimiento y fraude, uso indebido y abuso (FWA)<\/h2>\n\n\n\n<p>Elderplan est\u00e1 comprometido con un entorno donde las comunicaciones abiertas y honestas sean lo esperado, no la excepci\u00f3n. Si desea informar un posible problema de cumplimiento o posible FWA, tiene tres opciones:<\/p>\n\n\n\n<ul class=\"wp-block-list\">\n<li>Env\u00ede su pregunta\/inquietud de forma electr\u00f3nica a la <a href=\"https:\/\/secure.ethicspoint.com\/domain\/media\/en\/gui\/54804\/index.html\" rel=\"noopener noreferrer\" target=\"_blank\">l\u00ednea directa de Cumplimiento y \u00c9tica de Elderplan<\/a>. Para garantizar la confidencialidad, la l\u00ednea directa es gestionada por un proveedor externo.<\/li>\n\n\n\n<li>Llame a la l\u00ednea directa an\u00f3nima de Cumplimiento y \u00c9tica de Elderplan al <a href=\"tel:8553959169\" style=\"white-space: nowrap;\">1-855-395-9169<\/a>. Para garantizar la confidencialidad, la l\u00ednea directa es gestionada por un proveedor externo.<\/li>\n\n\n\n<li>Comun\u00edquese con la directora de Cumplimiento de Elderplan, Candice Weatherly, al <a href=\"tel:7187594260\" style=\"white-space: nowrap;\">718-759-4260<\/a> o a <a href=\"mailto:cweather@mjhs.org\">cweather@mjhs.org<\/a>.<\/li>\n<\/ul>\n\n\n\n<p>Elderplan tiene una pol\u00edtica estricta de no represalias ni intimidaci\u00f3n contra ninguna persona que, de buena fe, informe una inquietud de cumplimiento. La pol\u00edtica se aplica a todo empleado, miembro, familiar, entidad de primer nivel, subordinada y relacionada, proveedor o miembro del Consejo que informe una inquietud de cumplimiento o de FWA.<\/p>\n\n\n\n<p><strong><a href=\"https:\/\/elderplan.us-east-1.linodeobjects.com\/Elderplan-Federal-Deficit-Reduction-Act-of-2005-Statement_SPA_Accessible.pdf\" target=\"_blank\" rel=\"noreferrer noopener\">Pol\u00edtica de la Ley de Reducci\u00f3n del D\u00e9ficit Federal<\/a><\/strong><\/p>\n<\/div>\n<\/div>\n\n\n\n<div class=\"wp-block-columns vc_row wpb_row vc_row-fluid lfi-full-row vc_custom_1660068779200 vc_row-has-fill is-layout-flex wp-container-core-columns-is-layout-9d6595d7 wp-block-columns-is-layout-flex\">\n<div class=\"wp-block-column is-layout-flow wp-block-column-is-layout-flow\">\n<h2 class=\"wp-block-heading has-text-align-center\" id=\"h-buscando-information\">\u00bfBuscando informati\u00f3n\uff1f<\/h2>\n\n\n\n<div class=\"wp-block-buttons is-content-justification-center is-nowrap is-layout-flex wp-container-core-buttons-is-layout-1fb9aab6 wp-block-buttons-is-layout-flex\">\n<div class=\"wp-block-button has-custom-width wp-block-button__width-25 is-style-outline is-style-outline--2\"><a class=\"wp-block-button__link wp-element-button\" href=\"https:\/\/elderplan.providerlenz.com\/home\">Encuentre un proveedor<\/a><\/div>\n\n\n\n<div class=\"wp-block-button has-custom-width wp-block-button__width-25 is-style-outline is-style-outline--3\"><a class=\"wp-block-button__link wp-element-button\" href=\"https:\/\/www.medicareplanrx.com\/PharmacyLocator\/?contractId=H3347&amp;lang=en&amp;year=2025&amp;clientId=143\">Encuentre una farmacia<\/a><\/div>\n\n\n\n<div class=\"wp-block-button has-custom-width wp-block-button__width-25 is-style-outline is-style-outline--4\"><a class=\"wp-block-button__link wp-element-button\" href=\"https:\/\/www.yourdentalplan.com\/dentistsearch39\" target=\"_blank\" rel=\"noreferrer noopener\">Encuentre un dentista<\/a><\/div>\n<\/div>\n\n\n\n<div class=\"wp-block-buttons is-content-justification-center is-nowrap is-layout-flex wp-container-core-buttons-is-layout-1fb9aab6 wp-block-buttons-is-layout-flex\">\n<div class=\"wp-block-button has-custom-width wp-block-button__width-25 is-style-outline is-style-outline--5\"><a class=\"wp-block-button__link wp-element-button\" href=\"\/es\/member-benefits\/elderplan-benefits\/prescription-drugs\/\">Encuentre un medicamento<\/a><\/div>\n\n\n\n<div class=\"wp-block-button has-custom-width wp-block-button__width-25 is-style-outline is-style-outline--6\"><a class=\"wp-block-button__link wp-element-button\" href=\"\/es\/medicare-advantage-plan-options\/plan-materials\/find-a-form\/\">Encuentre un formulario<\/a><\/div>\n\n\n\n<div class=\"wp-block-button has-custom-width wp-block-button__width-25 is-style-outline is-style-outline--7\"><a class=\"wp-block-button__link wp-element-button\" href=\"\/files\/elderplan-broad-vaccine-network-vaccine-pharmacy-directory_updated_06012022_spa_accessible\/\">Lista de farmacias con vacunas contra la gripe<\/a><\/div>\n<\/div>\n<\/div>\n<\/div>\n<\/section>","protected":false},"excerpt":{"rendered":"<p>Bienvenido a la p\u00e1gina Programa e informes sobre cumplimiento y fraude, uso indebido y abuso de Elderplan. Elderplan es una organizaci\u00f3n que se enorgullece de sus s\u00f3lidos valores de responsabilidad [&hellip;]<\/p>\n","protected":false},"author":1,"featured_media":0,"parent":0,"menu_order":18,"comment_status":"closed","ping_status":"closed","template":"","meta":{"_acf_changed":false,"footnotes":""},"categories":[],"class_list":["post-9692","page","type-page","status-publish","hentry"],"translation":{"provider":"WPGlobus","version":"3.0.0","language":"es","enabled_languages":["en","es","zh"],"languages":{"en":{"title":true,"content":true,"excerpt":false},"es":{"title":true,"content":true,"excerpt":false},"zh":{"title":true,"content":true,"excerpt":false}}},"acf":[],"jetpack_sharing_enabled":true,"publishpress_future_action":{"enabled":false,"date":"2026-04-16 09:20:56","action":"change-status","newStatus":"draft","terms":[],"taxonomy":"category","extraData":[]},"publishpress_future_workflow_manual_trigger":{"enabledWorkflows":[]},"_links":{"self":[{"href":"https:\/\/elderplan0.wpengine.com\/es\/wp-json\/wp\/v2\/pages\/9692","targetHints":{"allow":["GET"]}}],"collection":[{"href":"https:\/\/elderplan0.wpengine.com\/es\/wp-json\/wp\/v2\/pages"}],"about":[{"href":"https:\/\/elderplan0.wpengine.com\/es\/wp-json\/wp\/v2\/types\/page"}],"author":[{"embeddable":true,"href":"https:\/\/elderplan0.wpengine.com\/es\/wp-json\/wp\/v2\/users\/1"}],"replies":[{"embeddable":true,"href":"https:\/\/elderplan0.wpengine.com\/es\/wp-json\/wp\/v2\/comments?post=9692"}],"version-history":[{"count":0,"href":"https:\/\/elderplan0.wpengine.com\/es\/wp-json\/wp\/v2\/pages\/9692\/revisions"}],"wp:attachment":[{"href":"https:\/\/elderplan0.wpengine.com\/es\/wp-json\/wp\/v2\/media?parent=9692"}],"wp:term":[{"taxonomy":"category","embeddable":true,"href":"https:\/\/elderplan0.wpengine.com\/es\/wp-json\/wp\/v2\/categories?post=9692"}],"curies":[{"name":"wp","href":"https:\/\/api.w.org\/{rel}","templated":true}]}}