{"id":84,"date":"2015-11-05T17:51:03","date_gmt":"2015-11-05T17:51:03","guid":{"rendered":"http:\/\/english2016-m.elderplan.org\/?page_id=84"},"modified":"2025-10-14T17:12:11","modified_gmt":"2025-10-14T21:12:11","slug":"provider-network","status":"publish","type":"page","link":"https:\/\/elderplan0.wpengine.com\/es\/member-benefits\/elderplan-benefits\/provider-network\/","title":{"rendered":"Red de proveedores"},"content":{"rendered":"<section class=\"wpb-content-wrapper\">\n<div class=\"wp-block-columns padding-interior is-layout-flex wp-container-core-columns-is-layout-9d6595d7 wp-block-columns-is-layout-flex\">\n<div class=\"wp-block-column is-layout-flow wp-block-column-is-layout-flow\" style=\"flex-basis:66.66%\">\n<p><strong><strong>Entendemos la importancia de encontrar el m\u00e9dico adecuado para sus necesidades. Utilice el directorio a continuaci\u00f3n para encontrar un proveedor dentro de nuestra red. Nuestros miembros tambi\u00e9n tienen la opci\u00f3n de acceder a informaci\u00f3n completa sobre la cobertura de atenci\u00f3n m\u00e9dica en su \u201cEvidencia de cobertura\u201d.<\/strong><\/strong><\/p>\n\n\n\n<p>Si est\u00e1 pensando en inscribirse en nuestros planes, Elderplan le brinda acceso a una amplia red de m\u00e9dicos que pueden garantizar que reciba la atenci\u00f3n que necesita. Cuando se inscriba, puede seguir consultando a su m\u00e9dico actual.<\/p>\n\n\n\n<p>Si es miembro de\u00a0<strong>Elderplan M\u00e1s Atenci\u00f3n a Largo Plazo (HMO-POS, D-SNP)<\/strong>, tambi\u00e9n puede\u00a0<a href=\"https:\/\/providersearch.carelonbehavioralhealth.com\/#\/provider\/home\/1315\">buscar proveedores de salud conductual.<\/a><\/p>\n\n\n\n<div class=\"wp-block-buttons is-layout-flex wp-block-buttons-is-layout-flex\">\n<div class=\"wp-block-button has-custom-width wp-block-button__width-50\"><a class=\"wp-block-button__link wp-element-button\" href=\"https:\/\/elderplan.providerlenz.com\/home\"><i class=\"fas fa-magnifying-glass\"><\/i> \u00a0Encuentre un proveedor cerca de usted<\/a><\/div>\n<\/div>\n\n\n<div>\n                    <div class=\" plethoraplugins-accordion plethoraplugins-theme__minimal plethoraplugins-theme__basic \">\n                        <div>\n                            \n<div id=\"cmo_funciona\" class=\"pds-accordion__item pds-js-accordion-item pds-no-js\" data-pds-tabs--initially-open=\"false\" data-pds-tabs--click-to-close=\"true\" data-pds-tabs--auto-close=\"true\" data-pds-tabs--scroll=\"false\" data-pds-tabs--scroll-offset=\"0\" data-pds-tabs--icon-type=\"\" data-pds-tabs--icon=\"true\" data-pds-tabs--icon-size=\"\">\n                    <div id=\"at-cmo_funciona\" class=\"pds-accordion__title pds-js-accordion-controller\"><span class=\"pds-accordion__heading\" role=\"heading\" aria-level=\"3\">C\u00f3mo funciona<\/span><span class=\"pds-accordion__icon\" role=\"presentation\" aria-hidden=\"true\"><svg xmlns=\"http:\/\/www.w3.org\/2000\/svg\" viewbox=\"0 0 12 7.4099998\" width=\".75rem\" height=\".75rem\"><path d=\"M12 1.41 10.59 0 6 4.58 1.41 0 0 1.41l6 6z\" fill=\"currentColor\"><\/path><\/svg><\/span><\/div>\n                    <div id=\"ac-cmo_funciona\" class=\"pds-accordion__content\">\n                        \n\n<p><strong>Tendr\u00e1 que elegir uno de los proveedores de la red que figuran en el listado de este directorio como su m\u00e9dico de atenci\u00f3n primaria (PCP).<\/strong>\u00a0Por lo general, debe obtener los servicios de atenci\u00f3n m\u00e9dica de su PCP. En todo este directorio, se emplear\u00e1 el t\u00e9rmino \u201cPCP\u201d.<\/p>\n\n\n\n<p>Los \u201cproveedores de la red\u201d que figuran en este directorio han acordado brindarle servicios de atenci\u00f3n m\u00e9dica, beneficios de atenci\u00f3n a largo plazo y servicios oftalmol\u00f3gicos y dentales. Puede ir a cualquiera de los proveedores de la red que aparezca en el listado de este directorio. Si ha estado consultando a un proveedor de la red, no es obligatorio que contin\u00fae acudiendo al mismo proveedor.<\/p>\n\n\n\n<p>Si un proveedor fuera de la red le env\u00eda una factura directamente a usted, no debe pagarla, sino enviarla al plan a la direcci\u00f3n que se indica abajo para su procesamiento y la decisi\u00f3n de la responsabilidad del inscrito, si correspondiera.<\/p>\n\n\n\n<p><strong>Reclamaciones m\u00e9dicas:<\/strong><\/p>\n\n\n\n<p><em>Elderplan<br>Attn: Member Services<br>55 Water Street, 46th Floor<br>New York, NY 10041<\/em><\/p>\n\n\n                    <\/div>\n                <\/div>\n\n<div id=\"lista_de_proveedores_de_la_red\" class=\"pds-accordion__item pds-js-accordion-item pds-no-js\" data-pds-tabs--initially-open=\"false\" data-pds-tabs--click-to-close=\"true\" data-pds-tabs--auto-close=\"true\" data-pds-tabs--scroll=\"false\" data-pds-tabs--scroll-offset=\"0\" data-pds-tabs--icon-type=\"\" data-pds-tabs--icon=\"true\" data-pds-tabs--icon-size=\"\">\n                    <div id=\"at-lista_de_proveedores_de_la_red\" class=\"pds-accordion__title pds-js-accordion-controller\"><span class=\"pds-accordion__heading\" role=\"heading\" aria-level=\"3\">Lista de proveedores de la red<\/span><span class=\"pds-accordion__icon\" role=\"presentation\" aria-hidden=\"true\"><svg xmlns=\"http:\/\/www.w3.org\/2000\/svg\" viewbox=\"0 0 12 7.4099998\" width=\".75rem\" height=\".75rem\"><path d=\"M12 1.41 10.59 0 6 4.58 1.41 0 0 1.41l6 6z\" fill=\"currentColor\"><\/path><\/svg><\/span><\/div>\n                    <div id=\"ac-lista_de_proveedores_de_la_red\" class=\"pds-accordion__content\">\n                        \n\n<p><strong>El directorio de proveedores de Elderplan contiene lo siguiente:<\/strong><\/p>\n\n\n\n<ul class=\"wp-block-list\">\n<li>756\u00a0proveedores suplementarios<\/li>\n\n\n\n<li>79\u00a0hospitales<\/li>\n\n\n\n<li>635\u00a0servicios a largo plazo<\/li>\n\n\n\n<li>9,792\u00a0m\u00e9dicos de atenci\u00f3n primaria<\/li>\n\n\n\n<li>164\u00a0centros de atenci\u00f3n de enfermer\u00eda especializada<\/li>\n\n\n\n<li>38,191\u00a0especialistas<\/li>\n\n\n\n<li>1,037\u00a0dentista<\/li>\n\n\n\n<li>3,851\u00a0farmacias<\/li>\n<\/ul>\n\n\n\n<div class=\"wp-block-buttons is-layout-flex wp-block-buttons-is-layout-flex\">\n<div class=\"wp-block-button has-custom-width wp-block-button__width-50\"><a class=\"wp-block-button__link wp-element-button\" href=\"https:\/\/elderplan.providerlenz.com\/home\"><i class=\"fas fa-magnifying-glass\"><\/i> \u00a0Encuentre un proveedor cerca de usted<\/a><\/div>\n<\/div>\n\n\n                    <\/div>\n                <\/div>\n\n<div id=\"en_caso_de_emergencia_medica\" class=\"pds-accordion__item pds-js-accordion-item pds-no-js\" data-pds-tabs--initially-open=\"false\" data-pds-tabs--click-to-close=\"true\" data-pds-tabs--auto-close=\"true\" data-pds-tabs--scroll=\"false\" data-pds-tabs--scroll-offset=\"0\" data-pds-tabs--icon-type=\"\" data-pds-tabs--icon=\"true\" data-pds-tabs--icon-size=\"\">\n                    <div id=\"at-en_caso_de_emergencia_medica\" class=\"pds-accordion__title pds-js-accordion-controller\"><span class=\"pds-accordion__heading\" role=\"heading\" aria-level=\"3\">En caso de emergencia medica,<\/span><span class=\"pds-accordion__icon\" role=\"presentation\" aria-hidden=\"true\"><svg xmlns=\"http:\/\/www.w3.org\/2000\/svg\" viewbox=\"0 0 12 7.4099998\" width=\".75rem\" height=\".75rem\"><path d=\"M12 1.41 10.59 0 6 4.58 1.41 0 0 1.41l6 6z\" fill=\"currentColor\"><\/path><\/svg><\/span><\/div>\n                    <div id=\"ac-en_caso_de_emergencia_medica\" class=\"pds-accordion__content\">\n                        \n\n<p><strong>Busque asistencia m\u00e9dica lo m\u00e1s r\u00e1pido posible. Marque 911 para recibir ayuda o acuda directamente a la sala de emergencias m\u00e1s cercana.\u00a0<\/strong>En caso de una emergencia de cualquier naturaleza, no es necesario que se ponga en contacto con un proveedor del plan, incluso su propio PCP, para obtener permiso (\u201cautorizaci\u00f3n\u201d) o una remisi\u00f3n.<\/p>\n\n\n\n<p>Sin embargo, en cuanto sea posible, usted o alguna otra persona deber\u00e1 ponerse en contacto con su PCP o con Elderplan en relaci\u00f3n con la emergencia. Su PCP o Elderplan deber\u00e1 intervenir en el seguimiento de su atenci\u00f3n de emergencia. El n\u00famero de tel\u00e9fono de su PCP aparece en su tarjeta de membres\u00eda de Elderplan. Para comunicarse con Elderplan, llame a Servicios para los Miembros al\u00a0<a href=\"tel:1-800-353-3765\">1-800-353-3765<\/a>\u00a0de 8:00\u00a0a.m. a 8:00\u00a0p.m., los 7\u00a0d\u00edas de la semana. Los usuarios de TTY deben llamar al\u00a0<a href=\"tel:711\">711<\/a>.<\/p>\n\n\n\n<p>Puede obtener atenci\u00f3n m\u00e9dica de emergencia cubierta en cualquier momento que la necesite y en cualquier parte del mundo.<\/p>\n\n\n\n<p>La atenci\u00f3n de emergencia siempre se puede obtener del proveedor disponible m\u00e1s cercano dentro o fuera del \u00e1rea de servicio. Debe consultar a los proveedores del plan para la atenci\u00f3n de urgencia cuando se encuentre en el \u00e1rea de servicio.<\/p>\n\n\n\n<p>Debe utilizar los proveedores del plan, salvo en situaciones de emergencia o urgencia o para servicios de di\u00e1lisis renal fuera del \u00e1rea. Si recibe atenci\u00f3n de rutina de parte de proveedores fuera de la red, ni Medicare ni Elderplan se har\u00e1n responsables de los costos.<\/p>\n\n\n                    <\/div>\n                <\/div>\n\n                        <\/div>\n                    <\/div>\n                    \n            <\/div>\n\n\n<p>Para solicitar una copia impresa del directorio de proveedores de Elderplan, llame a nuestro Departamento de Servicios para los Miembros al <a href=\"tel:+18003533765\">1-800-353-3765<\/a> (los usuarios de TTY deben llamar al\u00a0711) entre las 8:00\u00a0a.m. y las 8:00\u00a0p.m., los 7\u00a0d\u00edas de la semana. Elderplan le enviar\u00e1 por correo una copia impresa del directorio de proveedores en un plazo de tres (3) d\u00edas h\u00e1biles a partir de su solicitud.\u00a0 Elderplan puede preguntarle si su solicitud de una copia impresa es una solicitud \u00fanica o si solicita recibir el directorio de proveedores en copia impresa de forma permanente.<\/p>\n\n\n\n<p>Si solicita copias impresas del directorio de proveedores, su solicitud permanecer\u00e1 hasta que abandone Elderplan o solicite que se suspendan las copias impresas.<\/p>\n<\/div>\n\n\n\n<div class=\"wp-block-column is-layout-flow wp-block-column-is-layout-flow\" style=\"flex-basis:33.33%\">\n<figure class=\"wp-block-image size-large\"><img loading=\"lazy\" decoding=\"async\" width=\"603\" height=\"623\" src=\"https:\/\/elderplan.imgix.net\/OON.png?fm=png\" alt=\"\" class=\"wp-image-26359\"><\/figure>\n<\/div>\n<\/div>\n\n\n\n<div class=\"wp-block-columns vc_row wpb_row vc_row-fluid lfi-full-row vc_custom_1660068779200 vc_row-has-fill is-layout-flex wp-container-core-columns-is-layout-9d6595d7 wp-block-columns-is-layout-flex\">\n<div class=\"wp-block-column is-layout-flow wp-block-column-is-layout-flow\">\n<h2 class=\"wp-block-heading has-text-align-center\" id=\"h-buscando-information\">\u00bfBuscando informati\u00f3n\uff1f<\/h2>\n\n\n\n<div class=\"wp-block-buttons is-content-justification-center is-nowrap is-layout-flex wp-container-core-buttons-is-layout-1fb9aab6 wp-block-buttons-is-layout-flex\">\n<div class=\"wp-block-button has-custom-width wp-block-button__width-25 is-style-outline is-style-outline--2\"><a class=\"wp-block-button__link wp-element-button\" href=\"https:\/\/elderplan.providerlenz.com\/home\">Encuentre un proveedor<\/a><\/div>\n\n\n\n<div class=\"wp-block-button has-custom-width wp-block-button__width-25 is-style-outline is-style-outline--3\"><a class=\"wp-block-button__link wp-element-button\" href=\"https:\/\/www.medicareplanrx.com\/PharmacyLocator\/?contractId=H3347&amp;lang=en&amp;year=2025&amp;clientId=143\">Encuentre una farmacia<\/a><\/div>\n\n\n\n<div class=\"wp-block-button has-custom-width wp-block-button__width-25 is-style-outline is-style-outline--4\"><a class=\"wp-block-button__link wp-element-button\" href=\"https:\/\/www.yourdentalplan.com\/dentistsearch39\" target=\"_blank\" rel=\"noreferrer noopener\">Encuentre un dentista<\/a><\/div>\n<\/div>\n\n\n\n<div class=\"wp-block-buttons is-content-justification-center is-nowrap is-layout-flex wp-container-core-buttons-is-layout-1fb9aab6 wp-block-buttons-is-layout-flex\">\n<div class=\"wp-block-button has-custom-width wp-block-button__width-25 is-style-outline is-style-outline--5\"><a class=\"wp-block-button__link wp-element-button\" href=\"\/es\/member-benefits\/elderplan-benefits\/prescription-drugs\/\">Encuentre un medicamento<\/a><\/div>\n\n\n\n<div class=\"wp-block-button has-custom-width wp-block-button__width-25 is-style-outline is-style-outline--6\"><a class=\"wp-block-button__link wp-element-button\" href=\"\/es\/medicare-advantage-plan-options\/plan-materials\/find-a-form\/\">Encuentre un formulario<\/a><\/div>\n\n\n\n<div class=\"wp-block-button has-custom-width wp-block-button__width-25 is-style-outline is-style-outline--7\"><a class=\"wp-block-button__link wp-element-button\" href=\"\/files\/elderplan-broad-vaccine-network-vaccine-pharmacy-directory_updated_06012022_spa_accessible\/\">Lista de farmacias con vacunas contra la gripe<\/a><\/div>\n<\/div>\n<\/div>\n<\/div>\n<\/section>","protected":false},"excerpt":{"rendered":"<p>Entendemos la importancia de encontrar el m\u00e9dico adecuado para sus necesidades. Utilice el directorio a continuaci\u00f3n para encontrar un proveedor dentro de nuestra red. Nuestros miembros tambi\u00e9n tienen la opci\u00f3n [&hellip;]<\/p>\n","protected":false},"author":1,"featured_media":0,"parent":44,"menu_order":0,"comment_status":"closed","ping_status":"closed","template":"","meta":{"_acf_changed":false,"footnotes":""},"categories":[],"class_list":["post-84","page","type-page","status-publish","hentry"],"translation":{"provider":"WPGlobus","version":"3.0.0","language":"es","enabled_languages":["en","es","zh"],"languages":{"en":{"title":true,"content":true,"excerpt":false},"es":{"title":true,"content":true,"excerpt":false},"zh":{"title":true,"content":true,"excerpt":false}}},"acf":[],"jetpack_sharing_enabled":true,"publishpress_future_action":{"enabled":false,"date":"2026-05-17 17:07:59","action":"change-status","newStatus":"draft","terms":[],"taxonomy":"category","extraData":[]},"publishpress_future_workflow_manual_trigger":{"enabledWorkflows":[]},"_links":{"self":[{"href":"https:\/\/elderplan0.wpengine.com\/es\/wp-json\/wp\/v2\/pages\/84","targetHints":{"allow":["GET"]}}],"collection":[{"href":"https:\/\/elderplan0.wpengine.com\/es\/wp-json\/wp\/v2\/pages"}],"about":[{"href":"https:\/\/elderplan0.wpengine.com\/es\/wp-json\/wp\/v2\/types\/page"}],"author":[{"embeddable":true,"href":"https:\/\/elderplan0.wpengine.com\/es\/wp-json\/wp\/v2\/users\/1"}],"replies":[{"embeddable":true,"href":"https:\/\/elderplan0.wpengine.com\/es\/wp-json\/wp\/v2\/comments?post=84"}],"version-history":[{"count":0,"href":"https:\/\/elderplan0.wpengine.com\/es\/wp-json\/wp\/v2\/pages\/84\/revisions"}],"up":[{"embeddable":true,"href":"https:\/\/elderplan0.wpengine.com\/es\/wp-json\/wp\/v2\/pages\/44"}],"wp:attachment":[{"href":"https:\/\/elderplan0.wpengine.com\/es\/wp-json\/wp\/v2\/media?parent=84"}],"wp:term":[{"taxonomy":"category","embeddable":true,"href":"https:\/\/elderplan0.wpengine.com\/es\/wp-json\/wp\/v2\/categories?post=84"}],"curies":[{"name":"wp","href":"https:\/\/api.w.org\/{rel}","templated":true}]}}