{"id":40,"date":"2015-11-05T17:06:40","date_gmt":"2015-11-05T17:06:40","guid":{"rendered":"http:\/\/english2016-m.elderplan.org\/?page_id=40"},"modified":"2024-01-16T09:21:27","modified_gmt":"2024-01-16T14:21:27","slug":"getting-care-during-a-state-of-disaster-or-emergency","status":"publish","type":"page","link":"https:\/\/elderplan0.wpengine.com\/es\/member-benefits\/elderplan-benefits\/getting-care-during-a-state-of-disaster-or-emergency\/","title":{"rendered":"C\u00f3mo recibir atenci\u00f3n durante un estado de desastre o emergencia"},"content":{"rendered":"\n<div class=\"wp-block-columns padding-interior is-layout-flex wp-container-core-columns-is-layout-9d6595d7 wp-block-columns-is-layout-flex\">\n<div class=\"wp-block-column is-layout-flow wp-block-column-is-layout-flow\" style=\"flex-basis:66.66%\">\n<p>Si el gobernador del estado en el que vive, la Secretar\u00eda de Salud y Servicios Sociales de los EE.\u00a0UU. o el presidente de los Estados\u00a0Unidos declara estado de desastre o emergencia en su \u00e1rea geogr\u00e1fica, a\u00fan tiene derecho a recibir la atenci\u00f3n a trav\u00e9s de Elderplan.<\/p>\n\n\n\n<p>Durante un desastre declarado, le permitiremos obtener atenci\u00f3n de proveedores fuera de la red sin costo alguno para usted. Si no puede usar una farmacia de la red durante un desastre declarado, podr\u00e1 obtener sus medicamentos con receta en una farmacia fuera de la red.<\/p>\n\n\n\n<div style=\"height:25px\" aria-hidden=\"true\" class=\"wp-block-spacer\"><\/div>\n\n\n\n<h2 class=\"wp-block-heading\"><strong>\u00bfQu\u00e9 sucede si le facturan directamente el costo total de los servicios y productos cubiertos por Elderplan?<\/strong><\/h2>\n\n\n\n<p>Los proveedores solo deben facturar a Elderplan por el costo de sus servicios y productos cubiertos. Si un proveedor le env\u00eda una factura en lugar de enviarla a Elderplan, puede envi\u00e1rnosla para que la paguemos. No debe pagar la factura usted mismo. Si lo hace, Elderplan puede devolverle el dinero.<\/p>\n\n\n\n<p>Si tiene alguna pregunta, llame al:<\/p>\n\n\n\n<p>Servicios para los miembros de Elderplan<br>\n<a href=\"tel:1-800-353-3765\" style=\"white-space: nowrap;\">1-800-353-3765<\/a>\u00a0(<a href=\"tel:711\" style=\"white-space: nowrap;\">TTY: 711<\/a>)<br>\nDe 8:00\u00a0a.m. a 8:00\u00a0p.m., los 7\u00a0d\u00edas de la semana<\/p>\n\n\n\n<p>La llamada es gratuita.<\/p>\n<\/div>\n\n\n\n<div class=\"wp-block-column is-layout-flow wp-block-column-is-layout-flow\" style=\"flex-basis:33.33%\">\n<h2 class=\"wp-block-heading has-text-align-center\" id=\"h-busca-informacion\">\u00bfBusca informaci\u00f3n?<\/h2>\n\n\n\n<div class=\"wp-block-buttons is-vertical is-content-justification-center is-layout-flex wp-container-core-buttons-is-layout-9a7cdcfd wp-block-buttons-is-layout-flex\">\n<div class=\"wp-block-button has-custom-width wp-block-button__width-75 is-style-outline is-style-outline--2\"><a class=\"wp-block-button__link wp-element-button\" href=\"\/find-a-provider\/\">Encuentre un proveedor<\/a><\/div>\n\n\n\n<div class=\"wp-block-button has-custom-width wp-block-button__width-75 is-style-outline is-style-outline--3\"><a class=\"wp-block-button__link wp-element-button\" href=\"\/find-a-pharmacy\/\">Encuentre un proveedor<\/a><\/div>\n\n\n\n<div class=\"wp-block-button has-custom-width wp-block-button__width-75 is-style-outline is-style-outline--4\"><a class=\"wp-block-button__link wp-element-button\" href=\"\/prescription-drugs\/\">Encuentre un medicamento<\/a><\/div>\n\n\n\n<div class=\"wp-block-button has-custom-width wp-block-button__width-75 is-style-outline is-style-outline--5\"><a class=\"wp-block-button__link wp-element-button\" href=\"\/find-a-form\/\">Encuentre un formulario<\/a><\/div>\n\n\n\n<div class=\"wp-block-button has-custom-width wp-block-button__width-75 is-style-outline is-style-outline--6\"><a class=\"wp-block-button__link wp-element-button\" href=\"\/files\/elderplan-broad-vaccine-network-vaccine-pharmacy-directory_updated_06012022_spa_accessible\/\">Encuentre una vacuna contra la gripe <\/a><\/div>\n<\/div>\n\n\n\n<p class=\"has-text-align-center\">\u00bfTiene preguntas? Llame a Elderplan hoy mismo.<\/p>\n\n\n\n<h4 class=\"wp-block-heading has-text-align-center\" id=\"h-1-800-353-3765\"><a href=\"tel:1-866-353-3765\">1-800-353-3765<\/a><\/h4>\n\n\n\n<hr class=\"wp-block-separator has-alpha-channel-opacity hr vc_separator\">\n\n\n\n<h4 class=\"wp-block-heading has-text-align-center\" id=\"h-tty-711\"><a href=\"tel:1-866-353-3765\"><\/a><a href=\"tel:711\">[TTY: 711]<\/a><\/h4>\n\n\n\n<p class=\"has-text-align-center\"><strong>Horario de atenci\u00f3n:<\/strong><br>De 8:00\u00a0a.m. a 8:00\u00a0p.m., los 7\u00a0d\u00edas de la semana<\/p>\n\n\n\n<h5 class=\"wp-block-heading has-text-align-center\" id=\"h-elderplan-esta-disponible-en-los-condados-de-bronx-dutchess-kings-monroe-nassau-new-york-orange-putnam-queens-richmond-rockland-suffolk-westchester-ontario-orleans-seneca-yates-y-livingston\">Elderplan est\u00e1 disponible en los condados de Bronx, Dutchess, Kings, Monroe, Nassau, New York, Orange, Putnam, Queens, Richmond, Rockland, Suffolk, Westchester, Ontario, Orleans, Seneca, Yates y Livingston.<\/h5>\n<\/div>\n<\/div>\n","protected":false},"excerpt":{"rendered":"<p>Si el gobernador del estado en el que vive, la Secretar\u00eda de Salud y Servicios Sociales de los EE.\u00a0UU. o el presidente de los Estados\u00a0Unidos declara estado de desastre o [&hellip;]<\/p>\n","protected":false},"author":1,"featured_media":0,"parent":44,"menu_order":9,"comment_status":"closed","ping_status":"closed","template":"","meta":{"_acf_changed":false,"footnotes":""},"categories":[],"class_list":["post-40","page","type-page","status-publish","hentry"],"translation":{"provider":"WPGlobus","version":"3.0.0","language":"es","enabled_languages":["en","es","zh"],"languages":{"en":{"title":true,"content":true,"excerpt":false},"es":{"title":true,"content":true,"excerpt":false},"zh":{"title":true,"content":true,"excerpt":false}}},"acf":[],"jetpack_sharing_enabled":true,"publishpress_future_action":{"enabled":false,"date":"2026-05-05 21:08:43","action":"change-status","newStatus":"draft","terms":[],"taxonomy":"category","extraData":[]},"publishpress_future_workflow_manual_trigger":{"enabledWorkflows":[]},"_links":{"self":[{"href":"https:\/\/elderplan0.wpengine.com\/es\/wp-json\/wp\/v2\/pages\/40","targetHints":{"allow":["GET"]}}],"collection":[{"href":"https:\/\/elderplan0.wpengine.com\/es\/wp-json\/wp\/v2\/pages"}],"about":[{"href":"https:\/\/elderplan0.wpengine.com\/es\/wp-json\/wp\/v2\/types\/page"}],"author":[{"embeddable":true,"href":"https:\/\/elderplan0.wpengine.com\/es\/wp-json\/wp\/v2\/users\/1"}],"replies":[{"embeddable":true,"href":"https:\/\/elderplan0.wpengine.com\/es\/wp-json\/wp\/v2\/comments?post=40"}],"version-history":[{"count":0,"href":"https:\/\/elderplan0.wpengine.com\/es\/wp-json\/wp\/v2\/pages\/40\/revisions"}],"up":[{"embeddable":true,"href":"https:\/\/elderplan0.wpengine.com\/es\/wp-json\/wp\/v2\/pages\/44"}],"wp:attachment":[{"href":"https:\/\/elderplan0.wpengine.com\/es\/wp-json\/wp\/v2\/media?parent=40"}],"wp:term":[{"taxonomy":"category","embeddable":true,"href":"https:\/\/elderplan0.wpengine.com\/es\/wp-json\/wp\/v2\/categories?post=40"}],"curies":[{"name":"wp","href":"https:\/\/api.w.org\/{rel}","templated":true}]}}