{"id":32088,"date":"2025-03-18T17:13:04","date_gmt":"2025-03-18T21:13:04","guid":{"rendered":"https:\/\/www.elderplan.org\/?page_id=32088"},"modified":"2025-10-09T16:27:56","modified_gmt":"2025-10-09T20:27:56","slug":"cdpap-and-ppl","status":"publish","type":"page","link":"https:\/\/elderplan0.wpengine.com\/es\/medicare-advantage-plan-options\/plan-materials\/cdpap-and-ppl\/","title":{"rendered":"CDPAP y PPL"},"content":{"rendered":"\n<div class=\"wp-block-columns is-layout-flex wp-container-core-columns-is-layout-9d6595d7 wp-block-columns-is-layout-flex\">\n<div class=\"wp-block-column padding-interior is-layout-flow wp-block-column-is-layout-flow\" style=\"flex-basis:66.66%\">\n<p><strong>A partir del 4\/1\/25, Public Partnership LLC (PPL) ser\u00e1 el Intermediario Fiscal del Estado de New York para el Programa de asistencia personal dirigida por el consumidor (CDPAP).<\/strong> <strong>Para recibir los servicios, usted y su(s) asistente(s) de atenci\u00f3n personal deber\u00e1n registrarse en PPL.<\/strong><\/p>\n\n\n\n<h2 class=\"wp-block-heading\">Asistencia disponible<\/h2>\n\n\n\n<p>PPL cuenta con agentes y traductores listos para brindarle asistencia en varios idiomas. Para registrarse o recibir ayuda, puede hacer lo siguiente:<\/p>\n\n\n\n<ol class=\"wp-block-list\">\n<li><strong>Llamar a<\/strong>: El centro de apoyo de PPL est\u00e1 a una llamada de distancia, al <a href=\"tel:8332475346\">1-833-247-5346<\/a> (TTY: <a href=\"tel:8332049042\">1-833-204-9042<\/a>) <strong><em>o<\/em><\/strong><\/li>\n\n\n\n<li><strong>Reg\u00edstrese en l\u00ednea<\/strong>: Puede configurar una cuenta de PPL@Home visitando el sitio web de PPL. <a href=\"https:\/\/pplfirst.com\/programs\/new-york\/ny-consumer-directed-personal-assistance-program-cdpap\/\">Inicie el registro<\/a>. <strong><em>o<\/em><\/strong><\/li>\n\n\n\n<li><strong>Trabaje con un facilitador aprobado<\/strong>, incluidos los Centros de vida independiente (ILC), que puedan guiarle para la inscripci\u00f3n. Explore la lista de <a href=\"https:\/\/pplfirst.com\/cdpap-facilitators\/\">facilitadores de CDPAP aprobados por el Departamento de Salud<\/a>.<\/li>\n\n\n\n<li>Asista a una sesi\u00f3n presencial o virtual para tener una experiencia dedicada. <a href=\"https:\/\/pplfirst.com\/cdpap-resources-events\/\">Consulte las pr\u00f3ximas oportunidades aqu\u00ed<\/a>.<\/li>\n<\/ol>\n\n\n\n<h3 class=\"wp-block-heading\" id=\"h-recursos-adicionales\">Recursos adicionales<\/h3>\n\n\n\n<p><strong>Puede obtener m\u00e1s informaci\u00f3n sobre PPL y CDPAP:<\/strong><\/p>\n\n\n\n<ol class=\"wp-block-list\">\n<li><strong>Conozca la diferencia entre CDPAP y PCS:\u00a0<\/strong>\n<ul class=\"wp-block-list\">\n<li><a href=\"https:\/\/www.health.ny.gov\/health_care\/medicaid\/program\/longterm\/cdpap\/docs\/cdpap_vs_pcs_chart.pdf\">Comprender las diferencias entre CDPAP y PCS<\/a><\/li>\n\n\n\n<li><a href=\"https:\/\/www.health.ny.gov\/health_care\/medicaid\/program\/longterm\/cdpap\/docs\/cdpap_vs_pcs_factsheet.pdf\">Lo que hay que saber sobre: Diferencias entre CDPAP y PCS<\/a><\/li>\n<\/ul>\n<\/li>\n\n\n\n<li><strong>Explorar los sistemas, la aplicaci\u00f3n y el proceso de PPL:<\/strong> PPL tiene una serie de documentos de capacitaci\u00f3n y programas para usted y su asistente de atenci\u00f3n personal, tales como:\n<ul class=\"wp-block-list\">\n<li>Documentos solicitados para completar el proceso de registro;<\/li>\n\n\n\n<li>Videos instructivos y gu\u00edas sobre el seguimiento del tiempo, la aprobaci\u00f3n y administraci\u00f3n de servicios, el sistema de PPL y la aplicaci\u00f3n Time4Care.<\/li>\n\n\n\n<li>Preguntas frecuentes (FAQs).<\/li>\n<\/ul>\n<\/li>\n<\/ol>\n\n\n\n<p><a href=\"https:\/\/pplfirst.com\/programs\/new-york\/ny-consumer-directed-personal-assistance-program-cdpap\/\">Haga clic aqu\u00ed para acceder al sitio web de informaci\u00f3n de PPL<\/a>.<\/p>\n<\/div>\n\n\n\n<div class=\"wp-block-column is-layout-flow wp-block-column-is-layout-flow\" style=\"flex-basis:33.33%\"><\/div>\n<\/div>\n\n\n\n<p><\/p>\n","protected":false},"excerpt":{"rendered":"<p>A partir del 4\/1\/25, Public Partnership LLC (PPL) ser\u00e1 el Intermediario Fiscal del Estado de New York para el Programa de asistencia personal dirigida por el consumidor (CDPAP). Para recibir [&hellip;]<\/p>\n","protected":false},"author":20,"featured_media":0,"parent":17814,"menu_order":0,"comment_status":"closed","ping_status":"closed","template":"","meta":{"_acf_changed":false,"footnotes":""},"categories":[],"class_list":["post-32088","page","type-page","status-publish","hentry"],"translation":{"provider":"WPGlobus","version":"3.0.0","language":"es","enabled_languages":["en","es","zh"],"languages":{"en":{"title":true,"content":true,"excerpt":false},"es":{"title":true,"content":true,"excerpt":false},"zh":{"title":true,"content":true,"excerpt":false}}},"acf":[],"jetpack_sharing_enabled":true,"publishpress_future_action":{"enabled":false,"date":"2026-04-21 12:17:31","action":"change-status","newStatus":"draft","terms":[],"taxonomy":"category","extraData":[]},"publishpress_future_workflow_manual_trigger":{"enabledWorkflows":[]},"_links":{"self":[{"href":"https:\/\/elderplan0.wpengine.com\/es\/wp-json\/wp\/v2\/pages\/32088","targetHints":{"allow":["GET"]}}],"collection":[{"href":"https:\/\/elderplan0.wpengine.com\/es\/wp-json\/wp\/v2\/pages"}],"about":[{"href":"https:\/\/elderplan0.wpengine.com\/es\/wp-json\/wp\/v2\/types\/page"}],"author":[{"embeddable":true,"href":"https:\/\/elderplan0.wpengine.com\/es\/wp-json\/wp\/v2\/users\/20"}],"replies":[{"embeddable":true,"href":"https:\/\/elderplan0.wpengine.com\/es\/wp-json\/wp\/v2\/comments?post=32088"}],"version-history":[{"count":0,"href":"https:\/\/elderplan0.wpengine.com\/es\/wp-json\/wp\/v2\/pages\/32088\/revisions"}],"up":[{"embeddable":true,"href":"https:\/\/elderplan0.wpengine.com\/es\/wp-json\/wp\/v2\/pages\/17814"}],"wp:attachment":[{"href":"https:\/\/elderplan0.wpengine.com\/es\/wp-json\/wp\/v2\/media?parent=32088"}],"wp:term":[{"taxonomy":"category","embeddable":true,"href":"https:\/\/elderplan0.wpengine.com\/es\/wp-json\/wp\/v2\/categories?post=32088"}],"curies":[{"name":"wp","href":"https:\/\/api.w.org\/{rel}","templated":true}]}}