{"id":26299,"date":"2024-09-13T03:37:25","date_gmt":"2024-09-13T07:37:25","guid":{"rendered":"https:\/\/www.elderplan.org\/?page_id=26299"},"modified":"2025-09-29T17:34:29","modified_gmt":"2025-09-29T21:34:29","slug":"thank-you","status":"publish","type":"page","link":"https:\/\/elderplan0.wpengine.com\/es\/thank-you\/","title":{"rendered":"\u00a1Gracias!"},"content":{"rendered":"<div class=\"form-hero\">\n<div class=\"form-hero__mobile-bg\">\u00a0<\/div>\n<div class=\"form-hero__content\">\n<h1 class=\"form-hero__heading\">\u00a1Gracias!<\/h1>\n<\/div>\n<\/div>\n<div class=\"white-bg\">\u00a0<\/div>\n<div style=\"max-width: 650px; margin: 0 auto 32px;\">\u00a0<\/div>\n\n\n<h2 class=\"wp-block-heading font-24 text-centered page-heading\" id=\"h-gracias-por-completar-su-solicitud\">\u00a1Gracias por completar su solicitud!<\/h2>\n\n\n<div class=\"box box--soft\">\n<p class=\"font-22 text-centered\">Su n\u00famero de confirmaci\u00f3n es:<br>\n<\/p><p>En las pr\u00f3ximas 24 horas, recibir\u00e1 una llamada telef\u00f3nica de un asesor de beneficios de Elderplan para confirmar los detalles de su solicitud y completar su inscripci\u00f3n.<\/p>\n<p style=\"font-size: 16px;\"><strong style=\"font-size: 16px;\">NOTA:<\/strong><br>Tenga en cuenta que no se le inscribir\u00e1 oficialmente hasta que su solicitud haya sido revisada y aceptada.<\/p>\n<p style=\"font-size: 16px;\">Si tiene m\u00e1s preguntas, comun\u00edquese con nosotros al <a href=\"tel:+18003533765\">1-800-353-3765<\/a> (l\u00ednea gratuita)<\/p>\n<\/div>\n<div style=\"max-width: 650px; margin: 32px auto;\">\n<p><a href=\"\/es\/notice-of-privacy-practices\/\">Ver la pol\u00edtica de privacidad<\/a><\/p>\n<p><a href=\"\/es\">Volver a la p\u00e1gina de inicio de Elderplan<\/a><\/p>\n<\/div>","protected":false},"excerpt":{"rendered":"<p>\u00a0 \u00a1Gracias! \u00a0 \u00a0 \u00a1Gracias por completar su solicitud! Su n\u00famero de confirmaci\u00f3n es: En las pr\u00f3ximas 24 horas, recibir\u00e1 una llamada telef\u00f3nica de un asesor de beneficios de Elderplan [&hellip;]<\/p>\n","protected":false},"author":21,"featured_media":0,"parent":0,"menu_order":2,"comment_status":"closed","ping_status":"closed","template":"","meta":{"_acf_changed":false,"footnotes":""},"categories":[],"class_list":["post-26299","page","type-page","status-publish","hentry"],"translation":{"provider":"WPGlobus","version":"3.0.0","language":"es","enabled_languages":["en","es","zh"],"languages":{"en":{"title":true,"content":true,"excerpt":false},"es":{"title":true,"content":true,"excerpt":false},"zh":{"title":true,"content":true,"excerpt":false}}},"acf":[],"jetpack_sharing_enabled":true,"publishpress_future_action":{"enabled":false,"date":"2026-04-17 11:45:16","action":"change-status","newStatus":"draft","terms":[],"taxonomy":"category","extraData":[]},"publishpress_future_workflow_manual_trigger":{"enabledWorkflows":[]},"_links":{"self":[{"href":"https:\/\/elderplan0.wpengine.com\/es\/wp-json\/wp\/v2\/pages\/26299","targetHints":{"allow":["GET"]}}],"collection":[{"href":"https:\/\/elderplan0.wpengine.com\/es\/wp-json\/wp\/v2\/pages"}],"about":[{"href":"https:\/\/elderplan0.wpengine.com\/es\/wp-json\/wp\/v2\/types\/page"}],"author":[{"embeddable":true,"href":"https:\/\/elderplan0.wpengine.com\/es\/wp-json\/wp\/v2\/users\/21"}],"replies":[{"embeddable":true,"href":"https:\/\/elderplan0.wpengine.com\/es\/wp-json\/wp\/v2\/comments?post=26299"}],"version-history":[{"count":0,"href":"https:\/\/elderplan0.wpengine.com\/es\/wp-json\/wp\/v2\/pages\/26299\/revisions"}],"wp:attachment":[{"href":"https:\/\/elderplan0.wpengine.com\/es\/wp-json\/wp\/v2\/media?parent=26299"}],"wp:term":[{"taxonomy":"category","embeddable":true,"href":"https:\/\/elderplan0.wpengine.com\/es\/wp-json\/wp\/v2\/categories?post=26299"}],"curies":[{"name":"wp","href":"https:\/\/api.w.org\/{rel}","templated":true}]}}