{"id":25129,"date":"2024-08-07T18:06:14","date_gmt":"2024-08-07T22:06:14","guid":{"rendered":"https:\/\/www.elderplan.org\/?page_id=25129&#038;preview_id=25129"},"modified":"2024-11-06T15:17:41","modified_gmt":"2024-11-06T20:17:41","slug":"extra-help-for-medicare-part-d","status":"publish","type":"page","link":"https:\/\/elderplan0.wpengine.com\/es\/extra-help-for-medicare-part-d\/","title":{"rendered":"Explore la Ayuda adicional para la Parte D de Medicare"},"content":{"rendered":"\n<div class=\"wp-block-columns padding-interior is-layout-flex wp-container-core-columns-is-layout-9d6595d7 wp-block-columns-is-layout-flex\">\n<div class=\"wp-block-column is-layout-flow wp-block-column-is-layout-flow\" style=\"flex-basis:66.66%\">\n<p>La Ayuda adicional, tambi\u00e9n conocida como el subsidio por bajos ingresos (LIS), es un programa del gobierno dise\u00f1ado para ayudar a personas con ingresos y recursos limitados a cubrir los costos asociados a los medicamentos con receta, como;&nbsp;<\/p>\n\n\n\n<ul class=\"wp-block-list\">\n<li><strong>Primas mensuales<\/strong><\/li>\n\n\n\n<li><strong>Deducibles anuales<\/strong><\/li>\n\n\n\n<li><strong>Copagos de medicamentos con receta<\/strong><\/li>\n<\/ul>\n\n\n\n<h2 class=\"wp-block-heading\" id=\"h-requisitos-de-elegibilidad-para-la-ayuda-adicional\"><strong>Requisitos de elegibilidad para la Ayuda adicional<\/strong><\/h2>\n\n\n\n<p>Para calificar para la Ayuda adicional, generalmente debe cumplir con los siguientes criterios:<\/p>\n\n\n\n<ol class=\"wp-block-list\">\n<li><strong>Ingresos limitados:<\/strong> Sus ingresos mensuales deben estar por debajo de un monto espec\u00edfico, que var\u00eda seg\u00fan el estado civil y otros factores.<\/li>\n\n\n\n<li><strong>Recursos limitados:<\/strong> El valor de sus activos, como ahorros, inversiones y propiedades, debe estar por debajo de determinado l\u00edmite.<\/li>\n<\/ol>\n\n\n\n<p>Consulte los <a href=\"https:\/\/www.medicare.gov\/basics\/costs\/help\/drug-costs\">l\u00edmites de ingresos y recursos<\/a> m\u00e1s recientes para calificar para recibir ayuda adicional.<\/p>\n\n\n\n<p><strong>Nota importante:<\/strong><\/p>\n\n\n\n<ul class=\"wp-block-list\">\n<li>Hay excepciones y reglas espec\u00edficas para determinadas situaciones, como la discapacidad del c\u00f3nyuge o la convivencia.<\/li>\n\n\n\n<li>Si recibe una cobertura completa de Medicaid, el ingreso suplementario administrado por el Seguro Social (SSI) o participa en un <a href=\"https:\/\/es-us-zpkfe13p-p.proxy.cqfluency.com\/medicare-savings-program\/\">Programa de Ahorros de Medicare (MSP<\/a><a href=\"\/es\/medicare-savings-program\/\">)<\/a>, autom\u00e1ticamente califica para recibir Ayuda Adicional.<\/li>\n<\/ul>\n\n\n\n<div style=\"height:36px\" aria-hidden=\"true\" class=\"wp-block-spacer\"><\/div>\n\n\n\n<h2 class=\"wp-block-heading\" id=\"h-limites-de-ingresos-y-recursos-de-ayuda-adicional\"><strong>L\u00edmites de ingresos y recursos de Ayuda adicional<\/strong><\/h2>\n\n\n\n<p>Los l\u00edmites espec\u00edficos de ingresos y <a href=\"https:\/\/www.medicare.gov\/basics\/costs\/help\/drug-costs\">recursos para la Ayuda adicional<\/a> pueden cambiar anualmente. Por lo tanto, es fundamental verificar su informaci\u00f3n m\u00e1s actualizada con la Administraci\u00f3n del Seguro Social. Para obtener la informaci\u00f3n m\u00e1s precisa y actualizada sobre los l\u00edmites de ingresos y recursos, comun\u00edquese con la <a href=\"https:\/\/www.ssa.gov\/agency\/contact\/\">Administraci\u00f3n del Seguro Social.<\/a><\/p>\n\n\n\n<p><strong>Recursos adicionales:<\/strong><\/p>\n\n\n\n<ul class=\"wp-block-list\">\n<li><a href=\"https:\/\/www.ssa.gov\/medicare\/part-d-extra-help\">Aplique para el Programa de Ayuda Adicional de la Parte\u00a0D de Medicare<\/a><\/li>\n<\/ul>\n<\/div>\n\n\n\n<div class=\"wp-block-column is-layout-flow wp-block-column-is-layout-flow\" style=\"flex-basis:33.33%\"><\/div>\n<\/div>\n","protected":false},"excerpt":{"rendered":"<p>La Ayuda adicional, tambi\u00e9n conocida como el subsidio por bajos ingresos (LIS), es un programa del gobierno dise\u00f1ado para ayudar a personas con ingresos y recursos limitados a cubrir los [&hellip;]<\/p>\n","protected":false},"author":21,"featured_media":0,"parent":0,"menu_order":10,"comment_status":"closed","ping_status":"closed","template":"","meta":{"_acf_changed":false,"footnotes":""},"categories":[],"class_list":["post-25129","page","type-page","status-publish","hentry"],"translation":{"provider":"WPGlobus","version":"3.0.0","language":"es","enabled_languages":["en","es","zh"],"languages":{"en":{"title":true,"content":true,"excerpt":false},"es":{"title":true,"content":true,"excerpt":false},"zh":{"title":true,"content":true,"excerpt":false}}},"acf":[],"jetpack_sharing_enabled":true,"publishpress_future_action":{"enabled":false,"date":"2026-04-15 20:46:49","action":"change-status","newStatus":"draft","terms":[],"taxonomy":"category","extraData":[]},"publishpress_future_workflow_manual_trigger":{"enabledWorkflows":[]},"_links":{"self":[{"href":"https:\/\/elderplan0.wpengine.com\/es\/wp-json\/wp\/v2\/pages\/25129","targetHints":{"allow":["GET"]}}],"collection":[{"href":"https:\/\/elderplan0.wpengine.com\/es\/wp-json\/wp\/v2\/pages"}],"about":[{"href":"https:\/\/elderplan0.wpengine.com\/es\/wp-json\/wp\/v2\/types\/page"}],"author":[{"embeddable":true,"href":"https:\/\/elderplan0.wpengine.com\/es\/wp-json\/wp\/v2\/users\/21"}],"replies":[{"embeddable":true,"href":"https:\/\/elderplan0.wpengine.com\/es\/wp-json\/wp\/v2\/comments?post=25129"}],"version-history":[{"count":0,"href":"https:\/\/elderplan0.wpengine.com\/es\/wp-json\/wp\/v2\/pages\/25129\/revisions"}],"wp:attachment":[{"href":"https:\/\/elderplan0.wpengine.com\/es\/wp-json\/wp\/v2\/media?parent=25129"}],"wp:term":[{"taxonomy":"category","embeddable":true,"href":"https:\/\/elderplan0.wpengine.com\/es\/wp-json\/wp\/v2\/categories?post=25129"}],"curies":[{"name":"wp","href":"https:\/\/api.w.org\/{rel}","templated":true}]}}