{"id":25119,"date":"2024-08-07T17:49:10","date_gmt":"2024-08-07T21:49:10","guid":{"rendered":"https:\/\/www.elderplan.org\/?page_id=25119&#038;preview_id=25119"},"modified":"2024-11-11T11:02:28","modified_gmt":"2024-11-11T16:02:28","slug":"medicare-savings-programs","status":"publish","type":"page","link":"https:\/\/elderplan0.wpengine.com\/es\/medicare-savings-programs\/","title":{"rendered":"Programas de ahorros de Medicare"},"content":{"rendered":"\n<div class=\"wp-block-columns padding-interior is-layout-flex wp-container-core-columns-is-layout-9d6595d7 wp-block-columns-is-layout-flex\">\n<div class=\"wp-block-column is-layout-flow wp-block-column-is-layout-flow\" style=\"flex-basis:66.66%\">\n<p>A muchos adultos mayores les resulta dif\u00edcil administrar los gastos asociados con Medicare, incluidas las <a href=\"\/es\/understanding-medicare-advantage-part-d-costs\/\">primas, los deducibles y los copagos.<\/a> Afortunadamente, el estado de New York ofrece varios Programas de Ahorro de Medicare (MSP) para ayudar a los beneficiarios de Medicare de bajos ingresos con estos costos.<\/p>\n\n\n\n<h2 class=\"wp-block-heading\" id=\"h-que-son-los-programas-de-ahorros-de-medicare\"><strong>\u00bfQu\u00e9 son los programas de ahorros de Medicare?<\/strong><\/h2>\n\n\n\n<p>Los MSP son programas estatales que ayudan a los beneficiarios de Medicare de bajos ingresos a pagar sus costos de atenci\u00f3n m\u00e9dica. Si califica, los MSP pueden ayudar a cubrir:<\/p>\n\n\n\n<ul class=\"wp-block-list\">\n<li>Primas de la Parte A de Medicare<\/li>\n\n\n\n<li>Primas de la Parte B de Medicare<\/li>\n\n\n\n<li>Deducibles de Medicare<\/li>\n\n\n\n<li>Copagos de Medicare<\/li>\n\n\n\n<li>Coseguro de Medicare<\/li>\n<\/ul>\n\n\n\n<h3 class=\"wp-block-heading\"><strong>Programas de ahorros de Medicare en New York<\/strong><\/h3>\n\n\n\n<p>El estado de New York ofrece los siguientes programas de ahorro de Medicare:<\/p>\n\n\n\n<ul class=\"wp-block-list\">\n<li><strong>Beneficiario calificado de Medicare (QMB):<\/strong> ayuda a pagar las primas de la Parte&nbsp;A, las primas de la Parte&nbsp;B, los deducibles, el coseguro y los copagos (para los servicios y art\u00edculos que cubre Medicare).<\/li>\n\n\n\n<li><strong>Persona que re\u00fane los requisitos (QI-1):<\/strong> ayuda a pagar las primas de la Parte&nbsp;B. Debe contar con la Parte&nbsp;A y la Parte&nbsp;B para calificar.<\/li>\n<\/ul>\n\n\n\n<h3 class=\"wp-block-heading\"><strong>\u00bfQui\u00e9n califica para los Programa de Ahorros de Medicare (MSP) en New York?<\/strong><\/h3>\n\n\n\n<p>Para calificar para un programa de ahorros de Medicare (MSP) en New York, debe cumplir con l\u00edmites de ingresos y recursos espec\u00edficos seg\u00fan el nivel de pobreza federal (FPL). El FPL se ajusta anualmente para tener en cuenta el costo de vida y var\u00eda seg\u00fan el tama\u00f1o de la familia.<\/p>\n\n\n\n<ul class=\"wp-block-list\">\n<li><strong>QMB:<\/strong> Los ingresos deben ser iguales o inferiores al 138% del FPL.<\/li>\n\n\n\n<li><strong>QI-1:<\/strong> Los ingresos deben estar entre el 138% y el 186% del FPL.<\/li>\n<\/ul>\n\n\n\n<div style=\"height:36px\" aria-hidden=\"true\" class=\"wp-block-spacer\"><\/div>\n\n\n\n<h2 class=\"wp-block-heading\">Comprender los ingresos por debajo del 138% del nivel de pobreza federal (FPL)<\/h2>\n\n\n\n<p><strong>Los ingresos por debajo del 138% del nivel de pobreza federal (FPL)<\/strong> significa que el ingreso anual de una persona es del 138% o menos que el umbral de pobreza oficial establecido por el gobierno de los Estados&nbsp;Unidos.<\/p>\n\n\n\n<h3 class=\"wp-block-heading\"><strong>\u00bfC\u00f3mo se calcula?<\/strong><\/h3>\n\n\n\n<ol class=\"wp-block-list\">\n<li><strong>L\u00edmites de ingresos:<\/strong> el FLP var\u00eda seg\u00fan el tama\u00f1o de la familia. Puede encontrar el FPL para el tama\u00f1o de su familia en sitios web del gobierno o a trav\u00e9s de recursos, como el<a href=\"https:\/\/www.health.ny.gov\/health_care\/medicaid\/program\/update\/savingsprogram\/medicaresavingsprogram.htm\"> Departamento de Salud y Servicios Humanos<\/a>.<\/li>\n\n\n\n<li><strong>Calcule el 138%:<\/strong> multiplique su FPL por 1.38. Este es el umbral de ingresos para la elegibilidad.<\/li>\n<\/ol>\n\n\n\n<h3 class=\"wp-block-heading\"><strong>C\u00f3mo solicitar un Programa de Ahorros de Medicare (MSP) en New York<\/strong><\/h3>\n\n\n\n<p>Comun\u00edquese con su Departamento Local de Servicios Sociales (LDSS) local para solicitar un MSP en New York.&nbsp;<\/p>\n\n\n\n<p>Encuentre su oficina del <a href=\"http:\/\/www.health.ny.gov\/health_care\/medicaid\/ldss.htm\">LDSS <\/a>local.<\/p>\n\n\n\n<p>Tambi\u00e9n puede <a href=\"https:\/\/www.health.ny.gov\/forms\/doh-4328.pdf\">descargar la aplicaci\u00f3n para un MSP<\/a> y seguir las instrucciones para su env\u00edo.<\/p>\n\n\n\n<h3 class=\"wp-block-heading\"><strong>Beneficios adicionales<\/strong><\/h3>\n\n\n\n<p>Adem\u00e1s de ayudarlo a pagar los costos de Medicare, calificar para un MSP en New York puede hacerlo elegible para otros beneficios, como la <a href=\"\/es\/extra-help-for-medicare-part-d\/\">Ayuda Adicional<\/a> con el pago del costo de medicamento con receta de Medicare<\/p>\n\n\n\n<p><strong>Descargo de responsabilidades:<\/strong> esta informaci\u00f3n previa tiene \u00fanicamente fines informativos y no es asesoramiento financiero ni legal.<\/p>\n<\/div>\n\n\n\n<div class=\"wp-block-column is-layout-flow wp-block-column-is-layout-flow\" style=\"flex-basis:33.33%\"><\/div>\n<\/div>\n","protected":false},"excerpt":{"rendered":"<p>A muchos adultos mayores les resulta dif\u00edcil administrar los gastos asociados con Medicare, incluidas las primas, los deducibles y los copagos. Afortunadamente, el estado de New York ofrece varios Programas [&hellip;]<\/p>\n","protected":false},"author":21,"featured_media":0,"parent":0,"menu_order":8,"comment_status":"closed","ping_status":"closed","template":"","meta":{"_acf_changed":false,"footnotes":""},"categories":[],"class_list":["post-25119","page","type-page","status-publish","hentry"],"translation":{"provider":"WPGlobus","version":"3.0.0","language":"es","enabled_languages":["en","es","zh"],"languages":{"en":{"title":true,"content":true,"excerpt":false},"es":{"title":true,"content":true,"excerpt":false},"zh":{"title":true,"content":true,"excerpt":false}}},"acf":[],"jetpack_sharing_enabled":true,"publishpress_future_action":{"enabled":false,"date":"2026-04-15 17:24:12","action":"change-status","newStatus":"draft","terms":[],"taxonomy":"category","extraData":[]},"publishpress_future_workflow_manual_trigger":{"enabledWorkflows":[]},"_links":{"self":[{"href":"https:\/\/elderplan0.wpengine.com\/es\/wp-json\/wp\/v2\/pages\/25119","targetHints":{"allow":["GET"]}}],"collection":[{"href":"https:\/\/elderplan0.wpengine.com\/es\/wp-json\/wp\/v2\/pages"}],"about":[{"href":"https:\/\/elderplan0.wpengine.com\/es\/wp-json\/wp\/v2\/types\/page"}],"author":[{"embeddable":true,"href":"https:\/\/elderplan0.wpengine.com\/es\/wp-json\/wp\/v2\/users\/21"}],"replies":[{"embeddable":true,"href":"https:\/\/elderplan0.wpengine.com\/es\/wp-json\/wp\/v2\/comments?post=25119"}],"version-history":[{"count":0,"href":"https:\/\/elderplan0.wpengine.com\/es\/wp-json\/wp\/v2\/pages\/25119\/revisions"}],"wp:attachment":[{"href":"https:\/\/elderplan0.wpengine.com\/es\/wp-json\/wp\/v2\/media?parent=25119"}],"wp:term":[{"taxonomy":"category","embeddable":true,"href":"https:\/\/elderplan0.wpengine.com\/es\/wp-json\/wp\/v2\/categories?post=25119"}],"curies":[{"name":"wp","href":"https:\/\/api.w.org\/{rel}","templated":true}]}}