{"id":20,"date":"2015-11-05T16:52:43","date_gmt":"2015-11-05T21:52:43","guid":{"rendered":"http:\/\/english2016-m.elderplan.org\/?page_id=20"},"modified":"2025-10-10T11:31:12","modified_gmt":"2025-10-10T15:31:12","slug":"about-elderplan","status":"publish","type":"page","link":"https:\/\/elderplan0.wpengine.com\/es\/about-us\/about-elderplan\/","title":{"rendered":"Acerca de Elderplan"},"content":{"rendered":"<section class=\"wpb-content-wrapper\">\n<div class=\"wp-block-columns padding-interior is-layout-flex wp-container-core-columns-is-layout-9d6595d7 wp-block-columns-is-layout-flex\">\n<div class=\"wp-block-column is-layout-flow wp-block-column-is-layout-flow\" style=\"flex-basis:66.66%\">\n<h2 class=\"wp-block-heading\" id=\"h-elderplan-ofrece-a-los-neoyorquinos-planes-accesibles-medicare-advantage-y-atencion-a-largo-plazo\">Elderplan ofrece a los neoyorquinos planes accesibles Medicare Advantage y Atenci\u00f3n a Largo Plazo.<\/h2>\n\n\n\n<p>Durante m\u00e1s de 40&nbsp;a\u00f1os, al ser un plan de salud sin fines de lucro, nuestra misi\u00f3n es garantizar que nuestros miembros reciban los beneficios integrales que necesitan y merecen.<\/p>\n\n\n\n<p>Nuestro compromiso de larga data con la excelencia nos impulsa a adaptar de manera continua nuestros planes Medicare Advantage para que se ajusten a las necesidades cambiantes de los beneficiarios de Medicare y de los beneficiarios con doble elegibilidad para Medicare y Medicaid, abordando la salud en cada etapa.<\/p>\n\n\n\n<p>Los planes Medicare&nbsp;Advantage de Elderplan van m\u00e1s all\u00e1 de los beneficios cubiertos por Medicare Original y ofrecen ventajas adicionales, incluso medicamentos con receta, servicios de la audici\u00f3n, oftalmolog\u00eda, servicios dentales y m\u00e1s.<\/p>\n<\/div>\n\n\n\n<div class=\"wp-block-column is-layout-flow wp-block-column-is-layout-flow\" style=\"flex-basis:33.33%\"><div class=\"wp-block-image\">\n<figure class=\"aligncenter size-large\"><img loading=\"lazy\" decoding=\"async\" width=\"359\" height=\"356\" src=\"https:\/\/elderplan.imgix.net\/EP_HF_40th-Anniversary_seal_SPA.png?fm=png\" alt=\"Elderplan - celebrando 40 a\u00f1os de cuidado de calidad\" class=\"wp-image-27294\" srcset=\"https:\/\/elderplan.imgix.net\/EP_HF_40th-Anniversary_seal_SPA.png?fit=scale&amp;fm=png&amp;h=952&amp;w=960 960w, https:\/\/elderplan.imgix.net\/EP_HF_40th-Anniversary_seal_SPA.png?fm=png 1280w, https:\/\/elderplan.imgix.net\/EP_HF_40th-Anniversary_seal_SPA.png?fit=scale&amp;fm=png&amp;h=635&amp;w=640 640w, https:\/\/elderplan.imgix.net\/EP_HF_40th-Anniversary_seal_SPA.png?fit=scale&amp;fm=png&amp;h=1523&amp;w=1536 1536w, https:\/\/elderplan.imgix.net\/EP_HF_40th-Anniversary_seal_SPA.png?fit=scale&amp;fm=png&amp;h=2031&amp;w=2048 2048w, https:\/\/elderplan.imgix.net\/EP_HF_40th-Anniversary_seal_SPA.png?fm=png 359w\" sizes=\"auto, (max-width: 359px) 100vw, 359px\" \/><\/figure>\n<\/div><\/div>\n<\/div>\n\n\n\n<div class=\"wp-block-columns padding-interior is-layout-flex wp-container-core-columns-is-layout-9d6595d7 wp-block-columns-is-layout-flex\">\n<div class=\"wp-block-column is-layout-flow wp-block-column-is-layout-flow\" style=\"flex-basis:66.66%\">\n<h3 class=\"wp-block-heading\" id=\"h-comprometidos-con-la-igualdad-en-la-salud\"><strong>Comprometidos con la igualdad en la salud<\/strong><\/h3>\n\n\n\n<p>Entendemos que mantenerse saludable no siempre es tan sencillo como consultar a un m\u00e9dico o tomar medicamentos con receta. Desafortunadamente, las brechas en el acceso a una atenci\u00f3n m\u00e9dica de calidad siguen siendo frecuentes. De acuerdo con nuestros valores, Elderplan est\u00e1 comprometido con alcanzar la igualdad en la salud, cerrar estas brechas en la atenci\u00f3n y con garantizar que todos nuestros miembros tengan acceso a programas y servicios de alta calidad.<\/p>\n\n\n\n<p>En Elderplan, somos m\u00e1s que un simple plan de salud; somos su socio en la salud y estamos comprometidos a mejorar su calidad de vida, y garantizar que reciba la mejor atenci\u00f3n posible a medida que cambian sus necesidades.<\/p>\n\n\n\n<div style=\"height:25px\" aria-hidden=\"true\" class=\"wp-block-spacer\"><\/div>\n\n\n\n<h3 class=\"wp-block-heading\" id=\"h-otra-ventaja-de-ser-miembro-de-elderplan\"><strong>Otra ventaja de ser miembro de Elderplan<\/strong><\/h3>\n\n\n\n<p>Elderplan es un plan Medicare&nbsp;Advantage, que se enorgullece de ser parte de la familia del Sistema de Salud de MJHS. Elderplan y MJHS son organizaciones sin fines de lucro que comparten los mismos valores centrales de compasi\u00f3n, dignidad y respeto. Adem\u00e1s, una ventaja para nuestros miembros de Elderplan\/HomeFirst como parte de la familia de MJHS es que nuestro sistema de salud tambi\u00e9n incluye Cuidados en el hogar de MJHS, Cuidados paliativos y de hospicio de MJHS, as\u00ed como los Centros de Rehabilitaci\u00f3n y Enfermer\u00eda Isabella y Menorah de MJHS. Si necesita apoyo adicional a lo largo del tiempo y elige recibir los servicios de MJHS, el equipo de Elderplan puede colaborar con sus colegas de todo el sistema para coordinar mejor su atenci\u00f3n.<\/p>\n\n\n\n<div class=\"wp-block-buttons is-content-justification-center is-nowrap is-layout-flex wp-container-core-buttons-is-layout-1fb9aab6 wp-block-buttons-is-layout-flex\">\n<div class=\"wp-block-button has-custom-width wp-block-button__width-50\"><a class=\"wp-block-button__link wp-element-button\" href=\"\/es\/about-us\/about-elderplan\/eligibility\/\">Informaci\u00f3n de elegibilidad de Elderplan<\/a><\/div>\n\n\n\n<div class=\"wp-block-button has-custom-width wp-block-button__width-50\"><a class=\"wp-block-button__link wp-element-button\" href=\"\/es\/medicare-advantage-plan-options\/\">Descubra las opciones de planes de salud<\/a><\/div>\n<\/div>\n\n\n\n<div style=\"height:25px\" aria-hidden=\"true\" class=\"wp-block-spacer\"><\/div>\n\n\n\n<hr class=\"wp-block-separator has-alpha-channel-opacity\"\/>\n<\/div>\n\n\n\n<div class=\"wp-block-column is-layout-flow wp-block-column-is-layout-flow\" style=\"flex-basis:33.33%\">\n<figure class=\"wp-block-image size-large\"><img loading=\"lazy\" decoding=\"async\" width=\"1920\" height=\"1280\" src=\"https:\/\/elderplan.imgix.net\/DSC_2125.jpg?fm=pjpg\" alt=\"\" class=\"wp-image-27733\" srcset=\"https:\/\/elderplan.imgix.net\/DSC_2125.jpg?fit=scale&amp;fm=pjpg&amp;h=640&amp;w=960 960w, https:\/\/elderplan.imgix.net\/DSC_2125.jpg?fit=scale&amp;fm=pjpg&amp;h=853&amp;w=1280 1280w, https:\/\/elderplan.imgix.net\/DSC_2125.jpg?fit=scale&amp;fm=pjpg&amp;h=427&amp;w=640 640w, https:\/\/elderplan.imgix.net\/DSC_2125.jpg?fit=scale&amp;fm=pjpg&amp;h=512&amp;w=768 768w, https:\/\/elderplan.imgix.net\/DSC_2125.jpg?fit=scale&amp;fm=pjpg&amp;h=1024&amp;w=1536 1536w, https:\/\/elderplan.imgix.net\/DSC_2125.jpg?fit=scale&amp;fm=pjpg&amp;h=1365&amp;w=2048 2048w, https:\/\/elderplan.imgix.net\/DSC_2125.jpg?fm=pjpg 1920w\" sizes=\"auto, (max-width: 1920px) 100vw, 1920px\" \/><\/figure>\n<\/div>\n<\/div>\n\n\n\n<div class=\"wp-block-columns vc_row wpb_row vc_row-fluid lfi-full-row vc_custom_1660068779200 vc_row-has-fill is-layout-flex wp-container-core-columns-is-layout-9d6595d7 wp-block-columns-is-layout-flex\">\n<div class=\"wp-block-column is-layout-flow wp-block-column-is-layout-flow\">\n<h2 class=\"wp-block-heading has-text-align-center\" id=\"h-busca-informacion\">\u00bfBusca informaci\u00f3n?<\/h2>\n\n\n\n<div class=\"wp-block-buttons is-content-justification-center is-nowrap is-layout-flex wp-container-core-buttons-is-layout-94bc23d7 wp-block-buttons-is-layout-flex\">\n<div class=\"wp-block-button is-style-outline is-style-outline--2\"><a class=\"wp-block-button__link wp-element-button\" href=\"https:\/\/elderplan.providerlenz.com\/home\">Encuentre un proveedor<\/a><\/div>\n\n\n\n<div class=\"wp-block-button is-style-outline is-style-outline--3\"><a class=\"wp-block-button__link wp-element-button\" href=\"https:\/\/www.medicareplanrx.com\/PharmacyLocator\/?contractId=H3347&amp;lang=en&amp;year=2025&amp;clientId=143\">Encuentre una farmacia<\/a><\/div>\n\n\n\n<div class=\"wp-block-button is-style-outline is-style-outline--4\"><a class=\"wp-block-button__link wp-element-button\" href=\"https:\/\/www.yourdentalplan.com\/dentistsearch39\">Encuentre un dentista<\/a><\/div>\n<\/div>\n\n\n\n<div class=\"wp-block-buttons is-content-justification-center is-nowrap is-layout-flex wp-container-core-buttons-is-layout-94bc23d7 wp-block-buttons-is-layout-flex\">\n<div class=\"wp-block-button is-style-outline is-style-outline--5\"><a class=\"wp-block-button__link wp-element-button\" href=\"\/member-benefits\/elderplan-benefits\/prescription-drugs\/\">Encuentre un medicamento<\/a><\/div>\n\n\n\n<div class=\"wp-block-button is-style-outline is-style-outline--6\"><a class=\"wp-block-button__link wp-element-button\" href=\"\/medicare-advantage-plan-options\/plan-materials\/find-a-form\/\">Encuentre un formulario<\/a><\/div>\n\n\n\n<div class=\"wp-block-button is-style-outline is-style-outline--7\"><a class=\"wp-block-button__link wp-element-button\" href=\"\/files\/elderplan-broad-vaccine-network-vaccine-pharmacy-directory_updated_06012022_eng_accessible\/\">Lista de farmacias con vacunas contra la gripe<\/a><\/div>\n<\/div>\n<\/div>\n<\/div>\n<\/section>","protected":false},"excerpt":{"rendered":"<p>Elderplan ofrece a los neoyorquinos planes accesibles Medicare Advantage y Atenci\u00f3n a Largo Plazo. Durante m\u00e1s de 40&nbsp;a\u00f1os, al ser un plan de salud sin fines de lucro, nuestra misi\u00f3n [&hellip;]<\/p>\n","protected":false},"author":1,"featured_media":0,"parent":17626,"menu_order":0,"comment_status":"closed","ping_status":"closed","template":"","meta":{"_acf_changed":false,"footnotes":""},"categories":[],"class_list":["post-20","page","type-page","status-publish","hentry"],"translation":{"provider":"WPGlobus","version":"3.0.0","language":"es","enabled_languages":["en","es","zh"],"languages":{"en":{"title":true,"content":true,"excerpt":false},"es":{"title":true,"content":true,"excerpt":false},"zh":{"title":true,"content":true,"excerpt":false}}},"acf":[],"jetpack_sharing_enabled":true,"publishpress_future_action":{"enabled":false,"date":"2026-04-15 01:43:03","action":"change-status","newStatus":"draft","terms":[],"taxonomy":"category","extraData":[]},"publishpress_future_workflow_manual_trigger":{"enabledWorkflows":[]},"_links":{"self":[{"href":"https:\/\/elderplan0.wpengine.com\/es\/wp-json\/wp\/v2\/pages\/20","targetHints":{"allow":["GET"]}}],"collection":[{"href":"https:\/\/elderplan0.wpengine.com\/es\/wp-json\/wp\/v2\/pages"}],"about":[{"href":"https:\/\/elderplan0.wpengine.com\/es\/wp-json\/wp\/v2\/types\/page"}],"author":[{"embeddable":true,"href":"https:\/\/elderplan0.wpengine.com\/es\/wp-json\/wp\/v2\/users\/1"}],"replies":[{"embeddable":true,"href":"https:\/\/elderplan0.wpengine.com\/es\/wp-json\/wp\/v2\/comments?post=20"}],"version-history":[{"count":0,"href":"https:\/\/elderplan0.wpengine.com\/es\/wp-json\/wp\/v2\/pages\/20\/revisions"}],"up":[{"embeddable":true,"href":"https:\/\/elderplan0.wpengine.com\/es\/wp-json\/wp\/v2\/pages\/17626"}],"wp:attachment":[{"href":"https:\/\/elderplan0.wpengine.com\/es\/wp-json\/wp\/v2\/media?parent=20"}],"wp:term":[{"taxonomy":"category","embeddable":true,"href":"https:\/\/elderplan0.wpengine.com\/es\/wp-json\/wp\/v2\/categories?post=20"}],"curies":[{"name":"wp","href":"https:\/\/api.w.org\/{rel}","templated":true}]}}