{"id":18985,"date":"2023-09-05T11:41:32","date_gmt":"2023-09-05T15:41:32","guid":{"rendered":"https:\/\/www.elderplan.org\/?page_id=18985"},"modified":"2025-10-14T16:48:54","modified_gmt":"2025-10-14T20:48:54","slug":"wellness-incentive-program","status":"publish","type":"page","link":"https:\/\/elderplan0.wpengine.com\/es\/health-and-wellness\/wellness-incentive-program\/","title":{"rendered":"Programa de incentivos para el bienestar"},"content":{"rendered":"<section class=\"wpb-content-wrapper\">\n<div class=\"wp-block-columns is-layout-flex wp-container-core-columns-is-layout-9d6595d7 wp-block-columns-is-layout-flex\">\n<div class=\"wp-block-column padding-interior is-layout-flow wp-block-column-is-layout-flow\">\n<div class=\"wp-block-media-text has-media-on-the-right is-stacked-on-mobile\" style=\"grid-template-columns:auto 33%\"><div class=\"wp-block-media-text__content\">\n<h2 class=\"wp-block-heading\" id=\"h-descubra-un-manana-mas-saludable-con-elderplan-y-el-programa-de-incentivos-para-el-bienestar-de-homefirst\">Descubra un ma\u00f1ana m\u00e1s saludable con Elderplan y el Programa de Incentivos para el Bienestar de HomeFirst<\/h2>\n\n\n\n<p>En Elderplan, su bienestar es nuestra mayor prioridad. Sabemos que mantener una buena salud es importante para su calidad de vida y su tranquilidad. Es por eso que nos complace ofrecerles a nuestros miembros el Programa de Incentivos para el Bienestar, dise\u00f1ado para empoderarlos en su viaje hacia una vida m\u00e1s saludable y feliz.<\/p>\n<\/div><figure class=\"wp-block-media-text__media\"><img loading=\"lazy\" decoding=\"async\" width=\"720\" height=\"540\" src=\"https:\/\/elderplan.imgix.net\/2021\/07\/Elderplan_Covid_promo_1440x1080.jpg?fm=pjpg\" alt=\"Man holding vaccination card and gift card together\" class=\"wp-image-12272 size-full\" srcset=\"https:\/\/elderplan.imgix.net\/2021\/07\/Elderplan_Covid_promo_1440x1080.jpg?fit=crop&amp;fm=pjpg&amp;h=600&amp;w=800 800w, https:\/\/elderplan.imgix.net\/2021\/07\/Elderplan_Covid_promo_1440x1080.jpg?fm=pjpg 1280w, https:\/\/elderplan.imgix.net\/2021\/07\/Elderplan_Covid_promo_1440x1080.jpg?fit=scale&amp;fm=pjpg&amp;h=1152&amp;w=1536 1536w, https:\/\/elderplan.imgix.net\/2021\/07\/Elderplan_Covid_promo_1440x1080.jpg?fit=scale&amp;fm=pjpg&amp;h=1536&amp;w=2048 2048w, https:\/\/elderplan.imgix.net\/2021\/07\/Elderplan_Covid_promo_1440x1080.jpg?fm=pjpg 720w\" sizes=\"auto, (max-width: 720px) 100vw, 720px\" \/><\/figure><\/div>\n\n\n\n<div class=\"wp-block-columns is-layout-flex wp-container-core-columns-is-layout-9d6595d7 wp-block-columns-is-layout-flex\">\n<div class=\"wp-block-column is-layout-flow wp-block-column-is-layout-flow\" style=\"flex-basis:66.66%\">\n<p>Elderplan y&nbsp;Programa de Incentivos para el Bienestar de HomeFirst<\/p>\n\n\n\n<p>Est\u00e1 en la naturaleza de nuestro programa cumplir una promesa simple pero impactante: ayudar, apoyar y guiar a nuestros miembros para que se cuiden a s\u00ed mismos durante su viaje hacia una mejor salud.<\/p>\n\n\n\n<p><strong>1. Obtenga recompensas mientras prioriza su salud<\/strong><\/p>\n\n\n\n<p>Merece reconocimiento por invertir en su bienestar. Con nuestro programa, puede ganar una tarjeta de regalo de $25 por cada examen que complete y para el que sea elegible y que haya realizado antes del 31 de diciembre de 2025. Es nuestra forma de decirle \u201cgracias\u201d por tomar medidas proactivas hacia un estilo de vida m\u00e1s saludable.<\/p>\n\n\n\n<p><strong>2. Ex\u00e1menes de salud integrales<\/strong><\/p>\n\n\n\n<p>Creemos que el conocimiento es poder. Los ex\u00e1menes elegibles para este programa lo ayudan a garantizar una comprensi\u00f3n integral de su salud. Los ex\u00e1menes elegibles cubren lo esencial para ayudarlo a tomar decisiones informadas sobre su salud.<\/p>\n\n\n\n<p><strong>3. Un aliado en su viaje hacia la salud<\/strong><\/p>\n\n\n\n<p>Elderplan y HomeFirst se comprometen a apoyarlo en cada paso del camino. Nuestros experimentados profesionales de atenci\u00f3n m\u00e9dica est\u00e1n aqu\u00ed para guiarlo, responder sus preguntas y ayudarlo a alcanzar sus objetivos de bienestar.<\/p>\n\n\n\n<p><strong>4. Tranquilidad<\/strong><\/p>\n\n\n\n<p>Priorizar su salud conduce a una mejor calidad de vida y les brinda tranquilidad a usted y a sus seres queridos. Con nuestro Programa de incentivos de bienestar, usted estar\u00e1 tomando medidas proactivas hacia un futuro m\u00e1s saludable.<\/p>\n\n\n\n<h3 class=\"wp-block-heading\">Comience hoy su viaje hacia el bienestar<\/h3>\n\n\n\n<p>No espere m\u00e1s para invertir en su salud. \u00danase a Elderplan y HomeFirst hoy y comience a transitar su camino hacia una vida m\u00e1s saludable y feliz. Juntos, haremos realidad sus objetivos de bienestar, paso a paso.<\/p>\n\n\n\n<h3 class=\"wp-block-heading\">C\u00f3mo empezar<\/h3>\n\n\n\n<ol class=\"wp-block-list\">\n<li><strong>Inscr\u00edbase:<\/strong>&nbsp;Inscr\u00edbase en uno de nuestros planes de salud y conozca los ex\u00e1menes elegibles de su plan.<\/li>\n\n\n\n<li><strong>Programe sus ex\u00e1menes:<\/strong>&nbsp;Elija ex\u00e1menes de salud y programe una cita con su proveedor para completarlos.<\/li>\n\n\n\n<li><strong>Complete sus ex\u00e1menes:<\/strong>&nbsp;Visite a su proveedor para completar los ex\u00e1menes seleccionados.<\/li>\n\n\n\n<li><strong>Env\u00ede su tarjeta a:<\/strong>&nbsp;Siga las instrucciones de la tarjeta para su validaci\u00f3n.\n<ul class=\"wp-block-list\">\n<li><strong>Enviar por correo a<\/strong>: Elderplan, Atenci\u00f3n: Equipo de Bienestar, 55 Water Street, piso 46, Nueva York, NY 10041<\/li>\n\n\n\n<li><strong>Enviar por correo electr\u00f3nico a:<\/strong>&nbsp;<a>wellness@elderplan.org<\/a>&nbsp;o<\/li>\n\n\n\n<li><a href=\"https:\/\/web.archive.org\/web\/20250319061035\/https:\/\/elderplanmemberrewards.commandprinting.com\/\">Cargar<\/a>&nbsp;en nuestro sitio web seguro.<\/li>\n<\/ul>\n<\/li>\n\n\n\n<li><strong>Gane recompensas:<\/strong>&nbsp;Reciba una tarjeta de regalo de $25 por cada evaluaci\u00f3n elegible completada antes del 31 de diciembre de 2025.<\/li>\n<\/ol>\n\n\n\n<p>Su salud es su activo m\u00e1s valioso. Deje que Elderplan y HomeFirst lo ayuden a nutrirla. \u00danase a nuestro Programa de incentivos de bienestar hoy y descubra las recompensas de una vida m\u00e1s saludable.<\/p>\n<\/div>\n\n\n\n<div class=\"wp-block-column is-layout-flow wp-block-column-is-layout-flow\" style=\"flex-basis:33.33%\"><\/div>\n<\/div>\n\n\n\n<div class=\"wp-block-columns is-layout-flex wp-container-core-columns-is-layout-9d6595d7 wp-block-columns-is-layout-flex\">\n<div class=\"wp-block-column is-layout-flow wp-block-column-is-layout-flow\">\n<div class=\"wp-block-buttons is-layout-flex wp-block-buttons-is-layout-flex\">\n<div class=\"wp-block-button\"><a class=\"wp-block-button__link has-text-align-center wp-element-button\" href=\"\/zh\/health-and-wellness\/wellness-incentive-program\/elderplan-wellness-incentive-program\/\">Programa de incentivos de bienestar de Elderplan<\/a><\/div>\n<\/div>\n<\/div>\n\n\n\n<div class=\"wp-block-column is-layout-flow wp-block-column-is-layout-flow\">\n<div class=\"wp-block-buttons is-layout-flex wp-block-buttons-is-layout-flex\">\n<div class=\"wp-block-button\"><a class=\"wp-block-button__link has-text-align-center wp-element-button\" href=\"\/zh\/health-and-wellness\/wellness-incentive-program\/homefirst-wellness-incentive-program\/\">Programa de incentivos de bienestar de HomeFirst<\/a><\/div>\n<\/div>\n<\/div>\n<\/div>\n<\/div>\n<\/div>\n\n\n\n<div class=\"wp-block-columns vc_row wpb_row vc_row-fluid lfi-full-row vc_custom_1660068779200 vc_row-has-fill is-layout-flex wp-container-core-columns-is-layout-9d6595d7 wp-block-columns-is-layout-flex\">\n<div class=\"wp-block-column is-layout-flow wp-block-column-is-layout-flow\">\n<h2 class=\"wp-block-heading has-text-align-center\" id=\"h-busca-informacion\">\u00bfBusca informaci\u00f3n?<\/h2>\n\n\n\n<div class=\"wp-block-buttons is-content-justification-center is-nowrap is-layout-flex wp-container-core-buttons-is-layout-94bc23d7 wp-block-buttons-is-layout-flex\">\n<div class=\"wp-block-button is-style-outline is-style-outline--2\"><a class=\"wp-block-button__link wp-element-button\" href=\"https:\/\/elderplan.providerlenz.com\/home\">Encuentre un proveedor<\/a><\/div>\n\n\n\n<div class=\"wp-block-button is-style-outline is-style-outline--3\"><a class=\"wp-block-button__link wp-element-button\" href=\"https:\/\/www.medicareplanrx.com\/PharmacyLocator\/?contractId=H3347&amp;lang=en&amp;year=2025&amp;clientId=143\">Encuentre una farmacia<\/a><\/div>\n\n\n\n<div class=\"wp-block-button is-style-outline is-style-outline--4\"><a class=\"wp-block-button__link wp-element-button\" href=\"https:\/\/www.yourdentalplan.com\/dentistsearch39\">Encuentre un dentista<\/a><\/div>\n<\/div>\n\n\n\n<div class=\"wp-block-buttons is-content-justification-center is-nowrap is-layout-flex wp-container-core-buttons-is-layout-94bc23d7 wp-block-buttons-is-layout-flex\">\n<div class=\"wp-block-button is-style-outline is-style-outline--5\"><a class=\"wp-block-button__link wp-element-button\" href=\"\/member-benefits\/elderplan-benefits\/prescription-drugs\/\">Encuentre un medicamento<\/a><\/div>\n\n\n\n<div class=\"wp-block-button is-style-outline is-style-outline--6\"><a class=\"wp-block-button__link wp-element-button\" href=\"\/medicare-advantage-plan-options\/plan-materials\/find-a-form\/\">Encuentre un formulario<\/a><\/div>\n\n\n\n<div class=\"wp-block-button is-style-outline is-style-outline--7\"><a class=\"wp-block-button__link wp-element-button\" href=\"\/files\/elderplan-broad-vaccine-network-vaccine-pharmacy-directory_updated_06012022_eng_accessible\/\">Lista de farmacias con vacunas contra la gripe<\/a><\/div>\n<\/div>\n<\/div>\n<\/div>\n<\/section>","protected":false},"excerpt":{"rendered":"<p>Descubra un ma\u00f1ana m\u00e1s saludable con Elderplan y el Programa de Incentivos para el Bienestar de HomeFirst En Elderplan, su bienestar es nuestra mayor prioridad. Sabemos que mantener una buena [&hellip;]<\/p>\n","protected":false},"author":21,"featured_media":0,"parent":17273,"menu_order":0,"comment_status":"closed","ping_status":"closed","template":"","meta":{"_acf_changed":false,"footnotes":""},"categories":[],"class_list":["post-18985","page","type-page","status-publish","hentry"],"translation":{"provider":"WPGlobus","version":"3.0.0","language":"es","enabled_languages":["en","es","zh"],"languages":{"en":{"title":true,"content":true,"excerpt":false},"es":{"title":true,"content":true,"excerpt":false},"zh":{"title":false,"content":false,"excerpt":false}}},"acf":[],"jetpack_sharing_enabled":true,"publishpress_future_action":{"enabled":false,"date":"2026-04-12 18:57:16","action":"change-status","newStatus":"draft","terms":[],"taxonomy":"category","extraData":[]},"publishpress_future_workflow_manual_trigger":{"enabledWorkflows":[]},"_links":{"self":[{"href":"https:\/\/elderplan0.wpengine.com\/es\/wp-json\/wp\/v2\/pages\/18985","targetHints":{"allow":["GET"]}}],"collection":[{"href":"https:\/\/elderplan0.wpengine.com\/es\/wp-json\/wp\/v2\/pages"}],"about":[{"href":"https:\/\/elderplan0.wpengine.com\/es\/wp-json\/wp\/v2\/types\/page"}],"author":[{"embeddable":true,"href":"https:\/\/elderplan0.wpengine.com\/es\/wp-json\/wp\/v2\/users\/21"}],"replies":[{"embeddable":true,"href":"https:\/\/elderplan0.wpengine.com\/es\/wp-json\/wp\/v2\/comments?post=18985"}],"version-history":[{"count":0,"href":"https:\/\/elderplan0.wpengine.com\/es\/wp-json\/wp\/v2\/pages\/18985\/revisions"}],"up":[{"embeddable":true,"href":"https:\/\/elderplan0.wpengine.com\/es\/wp-json\/wp\/v2\/pages\/17273"}],"wp:attachment":[{"href":"https:\/\/elderplan0.wpengine.com\/es\/wp-json\/wp\/v2\/media?parent=18985"}],"wp:term":[{"taxonomy":"category","embeddable":true,"href":"https:\/\/elderplan0.wpengine.com\/es\/wp-json\/wp\/v2\/categories?post=18985"}],"curies":[{"name":"wp","href":"https:\/\/api.w.org\/{rel}","templated":true}]}}