{"id":17928,"date":"2023-08-09T16:02:09","date_gmt":"2023-08-09T20:02:09","guid":{"rendered":"https:\/\/www.elderplan.org\/?page_id=17928"},"modified":"2025-10-09T20:48:59","modified_gmt":"2025-10-10T00:48:59","slug":"long-term-care-plan-options","status":"publish","type":"page","link":"https:\/\/elderplan0.wpengine.com\/es\/medicare-advantage-plan-options\/long-term-care-plan-options\/","title":{"rendered":"Opciones de planes de atenci\u00f3n a largo plazo"},"content":{"rendered":"<section class=\"wpb-content-wrapper\">\n<div class=\"wp-block-media-text has-media-on-the-right is-stacked-on-mobile padding-interior\"><div class=\"wp-block-media-text__content\">\n<p>La mayor\u00eda de las personas desea poder recibir la atenci\u00f3n que necesitan en la seguridad y comodidad de su propio hogar.<\/p>\n\n\n\n<p>Si usted o alg\u00fan ser querido viven con una condici\u00f3n m\u00e9dica cr\u00f3nica y necesitan servicios de atenci\u00f3n a largo plazo (LTC) en el hogar, Elderplan puede ayudar. Nuestros planes brindan apoyo a las personas que necesitan ayuda con las actividades de la vida diaria (ADL), como ba\u00f1arse, vestirse y preparar comidas. Brindamos la atenci\u00f3n que necesita para que permanezca con seguridad en la comodidad de su hogar\u2026 sin ning\u00fan costo para usted.<\/p>\n\n\n\n<p><br>Elegir el plan adecuado puede resultar confuso, y estamos aqu\u00ed para guiarlo y apoyarlo en cada paso del camino.apoyarlo en cada paso del proceso.<\/p>\n<\/div><figure class=\"wp-block-media-text__media\"><img loading=\"lazy\" decoding=\"async\" width=\"1280\" height=\"854\" src=\"https:\/\/elderplan.imgix.net\/MJHS-KitchenTable-2672_RT2_alt2-copy.jpg?fm=pjpg\" alt=\"\" class=\"wp-image-20281 size-full\" srcset=\"https:\/\/elderplan.imgix.net\/MJHS-KitchenTable-2672_RT2_alt2-copy.jpg?fit=scale&amp;fm=pjpg&amp;h=641&amp;w=960 960w, https:\/\/elderplan.imgix.net\/MJHS-KitchenTable-2672_RT2_alt2-copy.jpg?fm=pjpg 1280w, https:\/\/elderplan.imgix.net\/MJHS-KitchenTable-2672_RT2_alt2-copy.jpg?fit=scale&amp;fm=pjpg&amp;h=427&amp;w=640 640w, https:\/\/elderplan.imgix.net\/MJHS-KitchenTable-2672_RT2_alt2-copy.jpg?fit=scale&amp;fm=pjpg&amp;h=512&amp;w=768 768w, https:\/\/elderplan.imgix.net\/MJHS-KitchenTable-2672_RT2_alt2-copy.jpg?fit=scale&amp;fm=pjpg&amp;h=1025&amp;w=1536 1536w, https:\/\/elderplan.imgix.net\/MJHS-KitchenTable-2672_RT2_alt2-copy.jpg?fit=scale&amp;fm=pjpg&amp;h=1366&amp;w=2048 2048w\" sizes=\"auto, (max-width: 1280px) 100vw, 1280px\"><\/figure><\/div>\n\n\n\n<div style=\"height:25px\" aria-hidden=\"true\" class=\"wp-block-spacer\"><\/div>\n\n\n\n<div class=\"wp-block-columns is-layout-flex wp-container-core-columns-is-layout-9d6595d7 wp-block-columns-is-layout-flex\">\n<div class=\"wp-block-column padding-interior is-layout-flow wp-block-column-is-layout-flow\">\n<div class=\"wp-block-group blue-bar wpb_row vc_row is-nowrap is-layout-flex wp-container-core-group-is-layout-ad2f72ca wp-block-group-is-layout-flex\">\n<h2 class=\"wp-block-heading has-text-align-center blue-bar padding-interior wp-container-content-9cfa9a5a\" id=\"h-compare-nuestros-dos-planes\">Compare nuestros dos planes<\/h2>\n<\/div>\n\n\n\n<table id=\"tablepress-8\" class=\"tablepress tablepress-id-8 tbody-has-connected-cells\">\n<thead>\n<tr class=\"row-1\">\n\t<td class=\"column-1\"><\/td><td class=\"column-2\"><\/td><th class=\"column-3\"><h4><a href=\"\/es\/member-benefits\/homefirst-benefits\/\">Plan de atenci\u00f3n a largo plazo administrado por HomeFirst<\/a><\/h4><ul style=\"text-align: left;\"><li><strong><span style=\"color: #000000;\">Para las personas que reciben<\/span><\/strong> Medicaid y necesitan asistencia en el hogar<\/li><li>Puede mantener su plan de salud y de medicamentos con receta por separado<\/li><li>Administrador de atenci\u00f3n dedicado que lo apoyar\u00e1 y guiar\u00e1<\/li><\/ul><\/th><th class=\"column-4\"><h4><a href=\"\/es\/medicare-advantage-plan-options\/2025-options\/2025-elderplan-plus-long-term-care\/\">Elderplan Plus atenci\u00f3n a largo plazo<br>\n<\/a><\/h4><ul style=\"text-align: left;\"><li><strong><span style=\"color: #000000;\"> Para<\/span><\/strong> beneficiarios de Medicare y Medicaid (doble) <strong><span style=\"color: #000000;\">que necesitan asistencia en el hogar<\/span><\/strong><\/li><li>Servicios m\u00e9dicos, de hospital, medicamentos con receta y atenci\u00f3n a largo plazo en un solo plan<\/li><li>Administrador de atenci\u00f3n dedicado que lo apoyar\u00e1 y guiar\u00e1<\/li><li>Los beneficios de productos de venta libre (OTC) ampliados incluyen renta o hipoteca y m\u00e1s<\/li><\/ul><\/th>\n<\/tr>\n<\/thead>\n<tbody class=\"row-striping row-hover\">\n<tr class=\"row-2\">\n\t<td class=\"column-1\"><img decoding=\"async\" src=\"https:\/\/elderplan.imgix.net\/icon_meal.png?fm=png\"><\/td><td class=\"column-2\"><strong>Los asistentes de atenci\u00f3n personal<\/strong> udan a ba\u00f1arse, vestirse y preparar comidas.<\/td><td class=\"column-3\"><span class=\"check\" aria-label=\"Included at no cost\">\u2713<\/span><\/td><td class=\"column-4\"><span class=\"check\" aria-label=\"Included at no cost\">\u2713<\/span><\/td>\n<\/tr>\n<tr class=\"row-3\">\n\t<td class=\"column-1\"><img decoding=\"async\" src=\"https:\/\/elderplan.imgix.net\/cdpas-icon.png?fm=png\"><\/td><td class=\"column-2\"><strong>CDPAS:<\/strong> Si lo prefiere y re\u00fane los requisitos, puede elegir a su cuidador<\/td><td class=\"column-3\"><span class=\"check\" aria-label=\"Included at no cost\">\u2713<\/span><\/td><td class=\"column-4\"><span class=\"check\" aria-label=\"Included at no cost\">\u2713<\/span><\/td>\n<\/tr>\n<tr class=\"row-4\">\n\t<td class=\"column-1\"><img decoding=\"async\" src=\"https:\/\/elderplan.imgix.net\/icon_acupressure.png?fm=png\"><\/td><td class=\"column-2\"><strong>Atenci\u00f3n m\u00e9dica en el hogar<\/strong>, que incluye fisioterapia, terapia ocupacional y terapia del habla<\/td><td class=\"column-3\"><span class=\"check\" aria-label=\"Included at no cost\">\u2713<\/span><\/td><td class=\"column-4\"><span class=\"check\" aria-label=\"Included at no cost\">\u2713<\/span><\/td>\n<\/tr>\n<tr class=\"row-5\">\n\t<td class=\"column-1\"><img decoding=\"async\" src=\"https:\/\/elderplan.imgix.net\/2022\/08\/icon_car.png?fm=png\"><\/td><td class=\"column-2\"><strong>Transporte gratuito<\/strong> de ida y vuelta para las citas m\u00e9dicas<sup><a id=\"footnote_0_15717\" href=\"#footnote\">1<\/a><\/sup><\/td><td class=\"column-3\"><span class=\"check\" aria-label=\"Included at no cost\">\u2713<\/span><\/td><td class=\"column-4\"><span class=\"check\" aria-label=\"Included at no cost\">\u2713<\/span><\/td>\n<\/tr>\n<tr class=\"row-6\">\n\t<td class=\"column-1\"><img decoding=\"async\" src=\"https:\/\/elderplan.imgix.net\/social_day_care@2x.png?fm=png\"><\/td><td class=\"column-2\">Atenci\u00f3n diurna social<\/td><td class=\"column-3\"><span class=\"check\" aria-label=\"Included at no cost\">\u2713<\/span><\/td><td class=\"column-4\"><span class=\"check\" aria-label=\"Included at no cost\">\u2713<\/span><\/td>\n<\/tr>\n<tr class=\"row-7\">\n\t<td class=\"column-1\"><img decoding=\"async\" src=\"https:\/\/elderplan.imgix.net\/dme@2x.png?fm=png\"><\/td><td class=\"column-2\">Equipos m\u00e9dicos duraderos, suministros m\u00e9dicos o quir\u00fargicos, dispositivos prot\u00e9sicos, ort\u00e9sicos y ox\u00edgeno<\/td><td class=\"column-3\"><span class=\"check\" aria-label=\"Included at no cost\">\u2713<\/span><\/td><td class=\"column-4\"><span class=\"check\" aria-label=\"Included at no cost\">\u2713<\/span><\/td>\n<\/tr>\n<tr class=\"row-8\">\n\t<td class=\"column-1\"><img decoding=\"async\" src=\"https:\/\/elderplan.imgix.net\/icon_premium.png?fm=png\"><\/td><td class=\"column-2\"><strong>Prima mensual del plan sin costo<\/strong><\/td><td class=\"column-3\"><span class=\"check\" aria-label=\"Included at no cost\">\u2713<\/span><\/td><td class=\"column-4\"><span class=\"check\" aria-label=\"Included at no cost\">\u2713<\/span><\/td>\n<\/tr>\n<tr class=\"row-9\">\n\t<td class=\"column-1\"><img decoding=\"async\" src=\"https:\/\/elderplan.imgix.net\/icon_care-rep.png?fm=png\"><\/td><td class=\"column-2\"><strong>Un administrador de atenci\u00f3n dedicado<\/strong>, que se mantendr\u00e1 en contacto con sus m\u00e9dicos y le ayudar\u00e1 a organizar sus consultas m\u00e9dicas y el transporte para que pueda asistir a ellas.<\/td><td class=\"column-3\"><span class=\"check\" aria-label=\"Included at no cost\">\u2713<\/span><\/td><td class=\"column-4\"><span class=\"check\" aria-label=\"Included at no cost\">\u2713<\/span><\/td>\n<\/tr>\n<tr class=\"row-10\">\n\t<td class=\"column-1\"><img decoding=\"async\" src=\"https:\/\/elderplan.imgix.net\/2022\/08\/icon_dental.png?fm=png\"><\/td><td class=\"column-2\"><strong>Copago de $0<\/strong> para consultas con un dentista, dentro o fuera de la red<sup><a id=\"footnote_0_15717\" href=\"#footnote\">2<\/a><\/sup><\/td><td class=\"column-3\"><span class=\"minus\" aria-label=\"Not covered\">\u2796<\/span><\/td><td class=\"column-4\"><span class=\"check\" aria-label=\"Included at no cost\">\u2713<\/span><\/td>\n<\/tr>\n<tr class=\"row-11\">\n\t<td class=\"column-1\"><img decoding=\"async\" src=\"https:\/\/elderplan.imgix.net\/emergency@2x.png?fm=png\"><\/td><td class=\"column-2\">Cobertura de Life Alert<\/td><td class=\"column-3\"><span class=\"check\" aria-label=\"Included at no cost\">\u2713<\/span><\/td><td class=\"column-4\"><span class=\"check\" aria-label=\"Included at no cost\">\u2713<\/span><\/td>\n<\/tr>\n<tr class=\"row-12\">\n\t<td class=\"column-1\"><img decoding=\"async\" src=\"https:\/\/elderplan.imgix.net\/icon_m2m.png?fm=png\"><\/td><td class=\"column-2\">Membres\u00eda en nuestro premiado <strong>programa Member-to-Member<\/strong><br><a href=\"\/es\/member-benefits\/member-to-member-community\/\">Conozca m\u00e1s sobre Member-to-Member<\/a><\/td><td class=\"column-3\"><span class=\"check\" aria-label=\"Included at no cost\">\u2713<\/span><\/td><td class=\"column-4\"><span class=\"check\" aria-label=\"Included at no cost\">\u2713<\/span><\/td>\n<\/tr>\n<tr class=\"row-13\">\n\t<td class=\"column-1\"><img decoding=\"async\" src=\"https:\/\/elderplan.imgix.net\/icon_caduceus.png?fm=png\"><\/td><td class=\"column-2\"><strong>Copago de $0<\/strong> para consultas con m\u00e9dicos de atenci\u00f3n primaria en persona<\/td><td class=\"column-3\"><span class=\"minus\" aria-label=\"Not covered\">\u2796<\/span><\/td><td class=\"column-4\"><span class=\"check\" aria-label=\"Included at no cost\">\u2713<\/span><\/td>\n<\/tr>\n<tr class=\"row-14\">\n\t<td class=\"column-1\"><img decoding=\"async\" src=\"https:\/\/elderplan.imgix.net\/icon_heart.png?fm=png\"><\/td><td class=\"column-2\"><strong>Copago de $0<\/strong>  para consultas con un especialista, dentro o fuera de la red<sup><a id=\"footnote_0_15717\" href=\"#footnote\">2<\/a><\/sup><\/td><td class=\"column-3\"><span class=\"minus\" aria-label=\"Not covered\">\u2796<\/span><\/td><td class=\"column-4\"><span class=\"check\" aria-label=\"Included at no cost\">\u2713<\/span><\/td>\n<\/tr>\n<tr class=\"row-15\">\n\t<td class=\"column-1\"><img decoding=\"async\" src=\"https:\/\/elderplan.imgix.net\/icon_rxdrugs.png?fm=png\"><\/td><td class=\"column-2\"><strong>Copagos bajos por medicamentos con receta<\/strong><\/td><td class=\"column-3\"><span class=\"minus\" aria-label=\"Not covered\">\u2796<\/span><\/td><td class=\"column-4\"><span class=\"check\" aria-label=\"Included at no cost\">\u2713<\/span><\/td>\n<\/tr>\n<tr class=\"row-16\">\n\t<td class=\"column-1\"><img decoding=\"async\" src=\"https:\/\/elderplan.imgix.net\/flex_card@2x.png?fm=png\"><\/td><td class=\"column-2\"><strong>$500 por a\u00f1o para gastos no cubiertos<\/strong> en atenci\u00f3n dental, de la vista, de la audici\u00f3n y de acondicionamiento f\u00edsico<\/td><td class=\"column-3\"><span class=\"minus\" aria-label=\"Not covered\">\u2796<\/span><\/td><td class=\"column-4\"><span class=\"check\" aria-label=\"Included at no cost\">\u2713<\/span><\/td>\n<\/tr>\n<tr class=\"row-17\">\n\t<td class=\"column-1\"><img decoding=\"async\" src=\"https:\/\/elderplan.imgix.net\/icon_groceries-plus.png?fm=png\"><\/td><td class=\"column-2\"><strong>Asignaci\u00f3n para productos de venta libre (OTC)<\/strong>: <br>\n$950 por trimestre para renta\/hipoteca, servicios, Internet, comestibles, comidas, paseos sociales y productos de venta libre (OTC) tradicionales<sup><a id=\"footnote_0_15717\" href=\"#footnote\">3<\/a> <a id=\"footnote_0_15717\" href=\"#footnote\">4<\/a>  <a id=\"footnote_0_15717\" href=\"#footnote\">5<\/a><\/sup><br><strong><a href=\"\/es\/member-benefits\/elderplan-benefits\/flex-benefit\/otc-benefits\/\"> Conozca m\u00e1s sobre nuestros beneficios de OTC<\/a><\/strong><\/td><td class=\"column-3\"><span class=\"minus\" aria-label=\"Not covered\">\u2796<\/span><\/td><td class=\"column-4\"><span class=\"check\" aria-label=\"Included at no cost\">\u2713<\/span><\/td>\n<\/tr>\n<tr class=\"row-18\">\n\t<td class=\"column-1\"><img decoding=\"async\" src=\"https:\/\/elderplan.imgix.net\/2022\/08\/icon_brain.png?fm=png\"><\/td><td class=\"column-2\"><strong>BrainHQ<\/strong>: programa para el bienestar de la memoria que mejora el funcionamiento del cerebro a trav\u00e9s de juegos, rompecabezas y otros ejercicios divertidos<br><strong><a href=\"https:\/\/elderplan.brainhq.com\/?v4=true&amp;fr=y\">Reg\u00edstrese en BrainHQ<\/a><\/strong><\/td><td class=\"column-3\"><span class=\"minus\" aria-label=\"Not covered\">\u2796<\/span><\/td><td class=\"column-4\"><span class=\"check\" aria-label=\"Included at no cost\">\u2713<\/span><\/td>\n<\/tr>\n<tr class=\"row-19\">\n\t<td class=\"column-1\"><img decoding=\"async\" src=\"https:\/\/elderplan.imgix.net\/2022\/08\/icon_dumbell.png?fm=png\"><\/td><td class=\"column-2\"><strong>Membres\u00eda para el gimnasio<\/strong>: Membres\u00eda para el gimnasio sin costo para mantenerse activo y en forma, y m\u00e1s de 15,000 videos en l\u00ednea<sup><a id=\"footnote_0_15717\" href=\"#footnote\">6<\/a><\/sup><\/td><td class=\"column-3\"><span class=\"minus\" aria-label=\"Not covered\">\u2796<\/span><\/td><td class=\"column-4\"><span class=\"check\" aria-label=\"Included at no cost\">\u2713<\/span><\/td>\n<\/tr>\n<tr class=\"row-20\">\n\t<td colspan=\"4\" class=\"column-1\"><div style=\"height:2px; background-color: #daeaf1; width: 100%; margin: 10px 0px;\"><\/div><\/td>\n<\/tr>\n<tr class=\"row-21\">\n\t<td colspan=\"4\" class=\"column-1\"><h3>Descubra nuestra red<\/h3><\/td>\n<\/tr>\n<tr class=\"row-22\">\n\t<td class=\"column-1\"><\/td><td class=\"column-2\"><\/td><td class=\"column-3\"><div style=\"text-align: left; padding-left: 5px;\"><h4><a href=\"\/es\/member-benefits\/homefirst-benefits\/\">Plan de atenci\u00f3n administrada a largo plazo de HomeFirst<\/a><\/h4><\/div><\/td><td class=\"column-4\"><div style=\"text-align: left; padding-left: 5px;\"><h4><a href=\"\/es\/medicare-advantage-plan-options\/2026-options\/2026-elderplan-plus-long-term-care\/\">Elderplan M\u00e1s Atenci\u00f3n a Largo Plazo<\/a><\/h4><\/div><\/td>\n<\/tr>\n<tr class=\"row-23\">\n\t<td colspan=\"2\" class=\"column-1\"><\/td><td class=\"column-3\"><div style=\"text-align: left; padding-left: 5px;\"><a href=\"https:\/\/elderplan.providerlenz.com\/home\" target=\"_blank\" rel=\"noreferrer noopener\">Encontrar un m\u00e9dico<\/a><br>\n<a href=\"https:\/\/www.yourdentalplan.com\/dentistsearch40\" target=\"_blank\" rel=\"noreferrer noopener\">Encontrar un dentista<\/a><br>\n<\/div><\/td><td class=\"column-4\"><div style=\"text-align: left; padding-left: 5px;\"><a href=\"https:\/\/elderplan.providerlenz.com\/home\" target=\"_blank\" rel=\"noreferrer noopener\">Encontrar un m\u00e9dico<\/a><br>\n<a href=\"https:\/\/www.medicareplanrx.com\/PharmacyLocator\/?contractId=H3347&amp;lang=en&amp;year=2023&amp;clientId=143\" target=\"_blank\" rel=\"noreferrer noopener\">Encontrar una farmacia<\/a><br>\n<a href=\"https:\/\/www.yourdentalplan.com\/dentistsearch39\" target=\"_blank\" rel=\"noreferrer noopener\">Encontrar un dentista<\/a><br>\n<a href=\"https:\/\/www.medicareplanrx.com\/MedicationPricingTool\/planInfo.do?clientId=143&amp;regionId=1&amp;year=2023&amp;contractId=H3347&amp;planId=002&amp;lang=en&amp;formularySearch=true&amp;displayFormularyRegion=false&amp;displayFormularyChangePlan=false&amp;displayPricingRegion=false&amp;displayPricingChangePlan=false\" target=\"_blank\" rel=\"noreferrer noopener\">Encontrar un medicamento<\/a><\/div><\/td>\n<\/tr>\n<tr class=\"row-24\">\n\t<td colspan=\"4\" class=\"column-1\"><div style=\"height:2px; background-color: #daeaf1; width: 100%; margin: 10px 0px;\"><\/div><\/td>\n<\/tr>\n<tr class=\"row-25\">\n\t<td colspan=\"4\" class=\"column-1\"><h3>Informaci\u00f3n adicional<\/h3><\/td>\n<\/tr>\n<tr class=\"row-26\">\n\t<td class=\"column-1\"><\/td><td class=\"column-2\"><\/td><td class=\"column-3\"><div style=\"text-align: left; padding-left: 5px;\"><h4><a href=\"\/es\/member-benefits\/homefirst-benefits\/\">Plan de atenci\u00f3n administrada a largo plazo de HomeFirst<\/a><\/h4><\/div><\/td><td class=\"column-4\"><div style=\"text-align: left; padding-left: 5px;\"><h4><a href=\"\/es\/medicare-advantage-plan-options\/2026-options\/2026-elderplan-plus-long-term-care\/\">Elderplan M\u00e1s Atenci\u00f3n a Largo Plazo<\/a><\/h4><\/div><\/td>\n<\/tr>\n<tr class=\"row-27\">\n\t<td colspan=\"2\" class=\"column-1\"><strong>\u00c1rea de servicio<\/strong><\/td><td class=\"column-3\"><div style=\"text-align: left; padding-left: 5px;\">Bronx, New York, Queens, Kings, Richmond, Dutchess, Nassau, Orange, Putnam, Rockland, Sullivan, Ulster, y Westchester<\/div><\/td><td class=\"column-4\"><div style=\"text-align: left; padding-left: 5px;\">Bronx, New York, Queens, Kings, Richmond, Dutchess, Nassau, Orange, Putman, Rockland, y Westchester<\/div><\/td>\n<\/tr>\n<tr class=\"row-28\">\n\t<td colspan=\"2\" class=\"column-1\"><strong>Inscripci\u00f3n<\/strong><\/td><td class=\"column-3\"><div style=\"text-align: left; padding-left: 5px;\"><strong>Para comenzar con este plan, llame al <a style=\"white-space: nowrap;\" href=\"tel:18663864177\">1-866-386-4177<\/a> [<a style=\"white-space: nowrap;\" href=\"tel:711\">TTY: 711<\/a>], de lunes a viernes, de 8:30 a.m. a 5:00 p.m.<\/strong><\/div><\/td><td class=\"column-4\"><div style=\"text-align: left; padding-left: 5px;\"><strong>Para comenzar con este plan, llame al  <a style=\"white-space: nowrap;\" href=\"tel:8663601934\">866-360-1934<\/a> [<a style=\"white-space: nowrap;\" href=\"tel:711\">TTY: 711<\/a>], de 8 a.m. a 8 p.m., los 7 d\u00edas de la semana.<\/strong><\/div><\/td>\n<\/tr>\n<\/tbody>\n<\/table>\n<!-- #tablepress-8 from cache -->\n<\/div>\n<\/div>\n\n\n\n<ol id=\"footnote\" class=\"wp-block-list padding-interior\">\n<li>Tenga en cuenta que ahora el transporte m\u00e9dico que no sea de emergencia lo proporciona directamente Medicaid a trav\u00e9s de Medical Answering Services (MAS). Deber\u00e1 llamar a MAS directamente\u00a0<a href=\"tel:8446666270\"><strong>844-666-6270<\/strong><\/a>\u00a0al si reside en los 5 distritos de NYC, Nassau, Westchester o Putnam o\u00a0<a href=\"tel:8669327740\"><strong>866-932-7740<\/strong><\/a>\u00a0para los condados de Dutchess, Orange, Rockland, Sullivan y Ulster.<\/li>\n\n\n\n<li>Los proveedores fuera de la red o no contratados no tienen obligaci\u00f3n alguna de tratar a miembros del plan, salvo en situaciones de emergencia. Comun\u00edquese con Servicios para los Miembros o consulte su Evidencia de cobertura para obtener m\u00e1s informaci\u00f3n, incluido el costo compartido que se aplica a los servicios fuera de la red.<\/li>\n\n\n\n<li>La elegibilidad se determina en funci\u00f3n de si usted tiene una condici\u00f3n cr\u00f3nica asociada con el beneficio suplementario especial para personas con enfermedades cr\u00f3nicas (SSBCI) (OTC ampliado). Entre los ejemplos de condiciones asociadas a los SSBCI se incluyen trastornos cardiovasculares, diabetes, artritis, trastornos pulmonares cr\u00f3nicos y enfermedad renal cr\u00f3nica. Existen otras condiciones elegibles que no est\u00e1n mencionadas. Los est\u00e1ndares pueden variar para este beneficio.<\/li>\n\n\n\n<li>La tarjeta de productos de venta libre (OTC) no es una tarjeta de d\u00e9bito ni cr\u00e9dito, y no se puede canjear por efectivo.<\/li>\n\n\n\n<li>El saldo de la tarjeta de productos de venta libre (OTC) se transferir\u00e1 al siguiente trimestre, pero vencer\u00e1 a fin de a\u00f1o.<\/li>\n\n\n\n<li>La membres\u00eda para el gimnasio sin costo est\u00e1 disponible en todos los centros de acondicionamiento f\u00edsico y en algunos YMCA de la <a href=\"https:\/\/www.silverandfit.com\/\" target=\"_blank\" rel=\"noreferrer noopener\"><strong>red Silver&amp;Fit\u00ae.<\/strong><\/a><\/li>\n<\/ol>\n\n\n\n<div style=\"height:100px\" aria-hidden=\"true\" class=\"wp-block-spacer\"><\/div>\n<\/section>","protected":false},"excerpt":{"rendered":"<p>La mayor\u00eda de las personas desea poder recibir la atenci\u00f3n que necesitan en la seguridad y comodidad de su propio hogar. Si usted o alg\u00fan ser querido viven con una [&hellip;]<\/p>\n","protected":false},"author":21,"featured_media":0,"parent":58,"menu_order":1,"comment_status":"closed","ping_status":"closed","template":"","meta":{"_acf_changed":false,"footnotes":"[]"},"categories":[],"class_list":["post-17928","page","type-page","status-publish","hentry"],"translation":{"provider":"WPGlobus","version":"3.0.0","language":"es","enabled_languages":["en","es","zh"],"languages":{"en":{"title":true,"content":true,"excerpt":false},"es":{"title":true,"content":true,"excerpt":false},"zh":{"title":true,"content":true,"excerpt":false}}},"acf":[],"jetpack_sharing_enabled":true,"publishpress_future_action":{"enabled":false,"date":"2026-04-21 11:36:13","action":"change-status","newStatus":"draft","terms":[],"taxonomy":"category","extraData":[]},"publishpress_future_workflow_manual_trigger":{"enabledWorkflows":[]},"_links":{"self":[{"href":"https:\/\/elderplan0.wpengine.com\/es\/wp-json\/wp\/v2\/pages\/17928","targetHints":{"allow":["GET"]}}],"collection":[{"href":"https:\/\/elderplan0.wpengine.com\/es\/wp-json\/wp\/v2\/pages"}],"about":[{"href":"https:\/\/elderplan0.wpengine.com\/es\/wp-json\/wp\/v2\/types\/page"}],"author":[{"embeddable":true,"href":"https:\/\/elderplan0.wpengine.com\/es\/wp-json\/wp\/v2\/users\/21"}],"replies":[{"embeddable":true,"href":"https:\/\/elderplan0.wpengine.com\/es\/wp-json\/wp\/v2\/comments?post=17928"}],"version-history":[{"count":0,"href":"https:\/\/elderplan0.wpengine.com\/es\/wp-json\/wp\/v2\/pages\/17928\/revisions"}],"up":[{"embeddable":true,"href":"https:\/\/elderplan0.wpengine.com\/es\/wp-json\/wp\/v2\/pages\/58"}],"wp:attachment":[{"href":"https:\/\/elderplan0.wpengine.com\/es\/wp-json\/wp\/v2\/media?parent=17928"}],"wp:term":[{"taxonomy":"category","embeddable":true,"href":"https:\/\/elderplan0.wpengine.com\/es\/wp-json\/wp\/v2\/categories?post=17928"}],"curies":[{"name":"wp","href":"https:\/\/api.w.org\/{rel}","templated":true}]}}