{"id":14969,"date":"2022-04-18T09:53:30","date_gmt":"2022-04-18T13:53:30","guid":{"rendered":"https:\/\/www.elderplan.org\/?page_id=14969"},"modified":"2025-10-23T12:18:19","modified_gmt":"2025-10-23T16:18:19","slug":"when-to-enroll-in-a-medicare-advantage-plan","status":"publish","type":"page","link":"https:\/\/elderplan0.wpengine.com\/es\/enroll\/when-to-enroll-in-a-medicare-advantage-plan\/","title":{"rendered":"\u00bfCu\u00e1ndo hay que inscribirse en un plan Medicare Advantage?"},"content":{"rendered":"\n<div class=\"wp-block-columns padding-interior is-layout-flex wp-container-core-columns-is-layout-9d6595d7 wp-block-columns-is-layout-flex\">\n<div class=\"wp-block-column is-layout-flow wp-block-column-is-layout-flow\" style=\"flex-basis:66.66%\">\n<h2 class=\"wp-block-heading\" id=\"h-periodos-de-inscripcion-en-los-planes-medicare-advantage\">Per\u00edodos de inscripci\u00f3n en los planes Medicare Advantage<\/h2>\n\n\n\n<p>Para inscribirse en un plan Medicare Advantage, primero debe estar inscrito en Original Medicare (Parte A y B de Medicare).<\/p>\n\n\n\n<p>El plazo para inscribirse en un plan Medicare Advantage se denomina <strong>per\u00edodo de inscripci\u00f3n. <\/strong>Tiene tres per\u00edodos de inscripci\u00f3n durante los cuales puede elegir o cambiar de plan cada a\u00f1o calendario.<\/p>\n\n\n\n<h3 class=\"wp-block-heading\" id=\"h-periodo-de-inscripcion-inicial-si-es-nuevo-en-medicare\">Per\u00edodo de inscripci\u00f3n inicial (si es nuevo en Medicare)<\/h3>\n\n\n\n<p>Puede inscribirse en un plan Medicare Advantage cuando comienza a ser elegible para Original Medicare; este es su Per\u00edodo de inscripci\u00f3n inicial (IEP).&nbsp; Este per\u00edodo de inscripci\u00f3n comienza tres meses antes de recibir los beneficios de Original Medicare y finaliza tres meses despu\u00e9s.<\/p>\n\n\n\n<p>Si solicita inscribirse en un plan antes de que comience su plan Original Medicare, su cobertura de Medicare Advantage comenzar\u00e1 el mismo d\u00eda en que comience la de Original Medicare.<\/p>\n\n\n\n<p>Si solicita inscribirse en un plan despu\u00e9s de que comience su cobertura de Medicare, su cobertura comienza el primer mes despu\u00e9s de que el plan reciba su solicitud.<\/p>\n\n\n\n<h3 class=\"wp-block-heading\" id=\"h-periodo-de-inscripcion-anual-aep-de-medicare\">Per\u00edodo de inscripci\u00f3n anual (AEP) de Medicare<\/h3>\n\n\n\n<p>Si bien el nombre indica que puede inscribirse en Original Medicare en este per\u00edodo, el per\u00edodo de inscripci\u00f3n anual es un plazo para que los beneficiarios realicen cambios en su cobertura actual. Es posible que alguien desee cambiar su cobertura porque cambian sus necesidades o porque su plan actual aumenta los costos o cambia los beneficios ofrecidos. Entre el 15 de octubre y el 7 de diciembre, puede hacer lo siguiente:<\/p>\n\n\n\n<ul class=\"wp-block-list\">\n<li>Cambiar de un plan Medicare Advantage a Original Medicare o viceversa<\/li>\n\n\n\n<li>Cambiar a un plan Medicare Advantage diferente<\/li>\n\n\n\n<li>Cambiar su plan de medicamentos recetados de la Parte&nbsp;D<\/li>\n\n\n\n<li>Inscribirse o darse de baja de un plan de la Parte&nbsp;D<\/li>\n<\/ul>\n\n\n\n<p>El plan Medicare Advantage que elija entrar\u00e1 en vigencia el 1 de enero. Si no desea cambiar su plan actual, su cobertura existente continuar\u00e1 el pr\u00f3ximo a\u00f1o sin necesidad de informar a Medicare.<\/p>\n\n\n\n<h3 class=\"wp-block-heading\" id=\"h-periodo-de-inscripcion-abierta-oep-para-medicare-advantage\">Periodo de inscripci\u00f3n abierta (OEP) para Medicare Advantage<\/h3>\n\n\n\n<p>Si se inscribi\u00f3 en un plan Medicare Advantage, puede realizar cambios durante el per\u00edodo de inscripci\u00f3n abierta de Medicare Advantage, entre el 1 de enero y el 31 de marzo de cada a\u00f1o.<\/p>\n\n\n\n<p>Durante este per\u00edodo, puede hacer lo siguiente:<\/p>\n\n\n\n<ul class=\"wp-block-list\">\n<li>Cambiarse a otro plan Medicare Advantage, con o sin cobertura para medicamentos<\/li>\n\n\n\n<li>Darse de baja de un plan Medicare Advantage y regresar a Original Medicare, lo que incluye agregar los beneficios de la Parte&nbsp;D de Medicare<\/li>\n<\/ul>\n\n\n\n<p>Durante este per\u00edodo, no puede hacer lo siguiente:<\/p>\n\n\n\n<ul class=\"wp-block-list\">\n<li>Cambiarse de Original Medicare a un plan Medicare Advantage<\/li>\n\n\n\n<li>Inscribirse o cambiarse de un plan de medicamentos a otro plan de medicamentos si se encuentra en Original Medicare.<\/li>\n<\/ul>\n\n\n\n<p>Si no desea cambiar su plan actual, su cobertura existente continuar\u00e1 el pr\u00f3ximo a\u00f1o sin necesidad de informar a Medicare.<\/p>\n\n\n\n<h3 class=\"wp-block-heading\" id=\"h-periodo-de-inscripcion-especial-sep\">Per\u00edodo de inscripci\u00f3n especial (SEP)<\/h3>\n\n\n\n<p>Algunos beneficiarios califican para inscribirse en un plan Medicare Advantage durante un per\u00edodo de inscripci\u00f3n especial. No hay fechas establecidas para el per\u00edodo de inscripci\u00f3n especial. En cambio, las fechas variar\u00e1n seg\u00fan sus circunstancias. Existen dos tipos de per\u00edodos de inscripci\u00f3n especial de Medicare que le permiten inscribirse o cambiar de plan fuera de los per\u00edodos de inscripci\u00f3n est\u00e1ndar. Estos son:<\/p>\n\n\n\n<ul class=\"wp-block-list\">\n<li>Eventos de vida calificados para SEP<\/li>\n\n\n\n<li>SEP para trabajar despu\u00e9s de los 65&nbsp;a\u00f1os<\/li>\n<\/ul>\n\n\n\n<p>Para los beneficiarios que tienen el Original Medicare pero que atraviesan un evento de vida calificado, hay un margen de 2&nbsp;meses para cambiar a un plan de medicamentos de Medicare Advantage o de la Parte&nbsp;D. Algunos de los eventos de vida calificados incluyen los siguientes:<\/p>\n\n\n\n<ul class=\"wp-block-list\">\n<li>Se muda a una nueva direcci\u00f3n fuera del \u00e1rea de servicio de su plan<\/li>\n\n\n\n<li>Cambia de trabajo.<\/li>\n\n\n\n<li>Usted o su c\u00f3nyuge pierden su cobertura actual de seguro de salud<\/li>\n\n\n\n<li>Re\u00fane los requisitos para recibir ayuda adicional del gobierno.<\/li>\n\n\n\n<li>Te conviertes <a href=\"\/es\/medicare-advantage-plan-options\/dual-eligible\/medicaid-spend-down-101\/\">elegible para Medicaid<\/a><\/li>\n\n\n\n<li>Su plan actual cambia su contrato con Medicare.<\/li>\n<\/ul>\n\n\n\n<h3 class=\"wp-block-heading\" id=\"h-preguntas-frecuentes\">Preguntas frecuentes<\/h3>\n\n\n<div >\n                    <div class=\" plethoraplugins-accordion plethoraplugins-theme__minimal plethoraplugins-theme__basic \"   >\n                        <div>\n                            \n<div id=\"cundo_es_el_perodo_de_inscripcin_inicial_iep_para_medicareadvantage_y_cundo_comienza_mi_cobertura\" class=\"pds-accordion__item pds-js-accordion-item pds-no-js\" data-pds-tabs--initially-open=\"false\" data-pds-tabs--click-to-close=\"true\" data-pds-tabs--auto-close=\"true\" data-pds-tabs--scroll=\"false\" data-pds-tabs--scroll-offset=\"0\"  data-pds-tabs--icon-type=\"\" data-pds-tabs--icon=\"true\"  data-pds-tabs--icon-size=\"\" >\n                    <div id=\"at-cundo_es_el_perodo_de_inscripcin_inicial_iep_para_medicareadvantage_y_cundo_comienza_mi_cobertura\" class=\"pds-accordion__title pds-js-accordion-controller\" ><span class=\"pds-accordion__heading\" role=\"heading\" aria-level=\"3\"><strong><strong>\u00bfCu\u00e1ndo es el Per\u00edodo de inscripci\u00f3n inicial (IEP) para Medicare\u00a0Advantage y cu\u00e1ndo comienza mi cobertura?<\/strong><\/strong><\/span><span class=\"pds-accordion__icon\" role=\"presentation\" aria-hidden=\"true\"><svg xmlns=\"http:\/\/www.w3.org\/2000\/svg\" viewBox=\"0 0 12 7.4099998\" width=\".75rem\" height=\".75rem\"><path d=\"M12 1.41 10.59 0 6 4.58 1.41 0 0 1.41l6 6z\" fill=\"currentColor\"\/><\/svg><\/span><\/div>\n                    <div id=\"ac-cundo_es_el_perodo_de_inscripcin_inicial_iep_para_medicareadvantage_y_cundo_comienza_mi_cobertura\" class=\"pds-accordion__content\">\n                        \n\n<p>El IEP tiene una duraci\u00f3n de 7\u00a0meses: comienza 3\u00a0meses antes de cumplir 65\u00a0a\u00f1os, incluye el mes de cumplea\u00f1os y termina 3\u00a0meses despu\u00e9s. Por lo general, la cobertura comienza el primer d\u00eda del mes despu\u00e9s de la inscripci\u00f3n.<\/p>\n\n\n                    <\/div>\n                <\/div>\n\n<div id=\"puedo_inscribirme_en_un_plan_medicareadvantage_en_cualquier_momento\" class=\"pds-accordion__item pds-js-accordion-item pds-no-js\" data-pds-tabs--initially-open=\"false\" data-pds-tabs--click-to-close=\"true\" data-pds-tabs--auto-close=\"true\" data-pds-tabs--scroll=\"false\" data-pds-tabs--scroll-offset=\"0\"  data-pds-tabs--icon-type=\"\" data-pds-tabs--icon=\"true\"  data-pds-tabs--icon-size=\"\" >\n                    <div id=\"at-puedo_inscribirme_en_un_plan_medicareadvantage_en_cualquier_momento\" class=\"pds-accordion__title pds-js-accordion-controller\" ><span class=\"pds-accordion__heading\" role=\"heading\" aria-level=\"3\"><strong><strong>\u00bfPuedo inscribirme en un plan Medicare\u00a0Advantage en cualquier momento?<\/strong><\/strong><\/span><span class=\"pds-accordion__icon\" role=\"presentation\" aria-hidden=\"true\"><svg xmlns=\"http:\/\/www.w3.org\/2000\/svg\" viewBox=\"0 0 12 7.4099998\" width=\".75rem\" height=\".75rem\"><path d=\"M12 1.41 10.59 0 6 4.58 1.41 0 0 1.41l6 6z\" fill=\"currentColor\"\/><\/svg><\/span><\/div>\n                    <div id=\"ac-puedo_inscribirme_en_un_plan_medicareadvantage_en_cualquier_momento\" class=\"pds-accordion__content\">\n                        \n\n<p>No, no puede inscribirse en un plan Medicare\u00a0Advantage en cualquier momento, pero muchas personas califican para un Per\u00edodo de inscripci\u00f3n especial si se mudan, cumplen 65\u00a0a\u00f1os, tienen Medicare y Medicaid, o reciben Ayuda adicional. Todos tambi\u00e9n pueden hacer cambios durante el Per\u00edodo de inscripci\u00f3n anual (del 15 de octubre al 7 de diciembre).<\/p>\n\n\n                    <\/div>\n                <\/div>\n\n<div id=\"cundo_puedo_cambiarme_o_inscribirme_en_un_plan_medicareadvantage_cada_ao\" class=\"pds-accordion__item pds-js-accordion-item pds-no-js\" data-pds-tabs--initially-open=\"false\" data-pds-tabs--click-to-close=\"true\" data-pds-tabs--auto-close=\"true\" data-pds-tabs--scroll=\"false\" data-pds-tabs--scroll-offset=\"0\"  data-pds-tabs--icon-type=\"\" data-pds-tabs--icon=\"true\"  data-pds-tabs--icon-size=\"\" >\n                    <div id=\"at-cundo_puedo_cambiarme_o_inscribirme_en_un_plan_medicareadvantage_cada_ao\" class=\"pds-accordion__title pds-js-accordion-controller\" ><span class=\"pds-accordion__heading\" role=\"heading\" aria-level=\"3\"><strong><strong>\u00bfCu\u00e1ndo puedo cambiarme o inscribirme en un plan Medicare\u00a0Advantage cada a\u00f1o?<\/strong><\/strong><\/span><span class=\"pds-accordion__icon\" role=\"presentation\" aria-hidden=\"true\"><svg xmlns=\"http:\/\/www.w3.org\/2000\/svg\" viewBox=\"0 0 12 7.4099998\" width=\".75rem\" height=\".75rem\"><path d=\"M12 1.41 10.59 0 6 4.58 1.41 0 0 1.41l6 6z\" fill=\"currentColor\"\/><\/svg><\/span><\/div>\n                    <div id=\"ac-cundo_puedo_cambiarme_o_inscribirme_en_un_plan_medicareadvantage_cada_ao\" class=\"pds-accordion__content\">\n                        \n\n<p>Per\u00edodo de inscripci\u00f3n abierta:<\/p>\n\n\n\n<p>Puede cancelar la inscripci\u00f3n en su plan actual Medicare Advantage y cambiarse a un plan diferente de Medicare Advantage solo una vez durante este per\u00edodo. Tambi\u00e9n puede regresar a Original&nbsp;Medicare y agregar o renunciar a la cobertura Parte&nbsp;D.<\/p>\n\n\n\n<p>Per\u00edodo de inscripci\u00f3n anual:<\/p>\n\n\n\n<p>Durante este per\u00edodo, puede cambiar sus planes de salud y la cobertura de medicamentos con receta de Medicare para el a\u00f1o siguiente para cubrir mejor sus necesidades. La inscripci\u00f3n entrar\u00e1 en vigencia el 1<sup><\/sup>&nbsp;de enero.<\/p>\n\n\n                    <\/div>\n                <\/div>\n\n<div id=\"qu_me_califica_para_un_perodo_de_inscripcin_especial_sep\" class=\"pds-accordion__item pds-js-accordion-item pds-no-js\" data-pds-tabs--initially-open=\"false\" data-pds-tabs--click-to-close=\"true\" data-pds-tabs--auto-close=\"true\" data-pds-tabs--scroll=\"false\" data-pds-tabs--scroll-offset=\"0\"  data-pds-tabs--icon-type=\"\" data-pds-tabs--icon=\"true\"  data-pds-tabs--icon-size=\"\" >\n                    <div id=\"at-qu_me_califica_para_un_perodo_de_inscripcin_especial_sep\" class=\"pds-accordion__title pds-js-accordion-controller\" ><span class=\"pds-accordion__heading\" role=\"heading\" aria-level=\"3\"><strong><strong>\u00bfQu\u00e9 me califica para un Per\u00edodo de inscripci\u00f3n especial (SEP)?<\/strong><\/strong><\/span><span class=\"pds-accordion__icon\" role=\"presentation\" aria-hidden=\"true\"><svg xmlns=\"http:\/\/www.w3.org\/2000\/svg\" viewBox=\"0 0 12 7.4099998\" width=\".75rem\" height=\".75rem\"><path d=\"M12 1.41 10.59 0 6 4.58 1.41 0 0 1.41l6 6z\" fill=\"currentColor\"\/><\/svg><\/span><\/div>\n                    <div id=\"ac-qu_me_califica_para_un_perodo_de_inscripcin_especial_sep\" class=\"pds-accordion__content\">\n                        \n\n<p>Los SEP ocurren si es nuevo en Medicare, se muda, pierde la cobertura, tiene Medicare y Medicaid, vive en un centro de atenci\u00f3n a largo plazo o sale de \u00e9l, o si su plan termina. Estos le permiten unirse, abandonar o cambiar de plan fuera de los plazos normales. Elderplan puede ayudarlo a determinar si cumple con los requisitos.<\/p>\n\n\n                    <\/div>\n                <\/div>\n\n<div id=\"puedo_inscribirme_en_medicareadvantage_si_todava_estoy_trabajando_y_tengo_seguro_del_empleador\" class=\"pds-accordion__item pds-js-accordion-item pds-no-js\" data-pds-tabs--initially-open=\"false\" data-pds-tabs--click-to-close=\"true\" data-pds-tabs--auto-close=\"true\" data-pds-tabs--scroll=\"false\" data-pds-tabs--scroll-offset=\"0\"  data-pds-tabs--icon-type=\"\" data-pds-tabs--icon=\"true\"  data-pds-tabs--icon-size=\"\" >\n                    <div id=\"at-puedo_inscribirme_en_medicareadvantage_si_todava_estoy_trabajando_y_tengo_seguro_del_empleador\" class=\"pds-accordion__title pds-js-accordion-controller\" ><span class=\"pds-accordion__heading\" role=\"heading\" aria-level=\"3\"><strong><strong>\u00bfPuedo inscribirme en Medicare\u00a0Advantage si todav\u00eda estoy trabajando y tengo seguro del empleador?<\/strong><\/strong><\/span><span class=\"pds-accordion__icon\" role=\"presentation\" aria-hidden=\"true\"><svg xmlns=\"http:\/\/www.w3.org\/2000\/svg\" viewBox=\"0 0 12 7.4099998\" width=\".75rem\" height=\".75rem\"><path d=\"M12 1.41 10.59 0 6 4.58 1.41 0 0 1.41l6 6z\" fill=\"currentColor\"\/><\/svg><\/span><\/div>\n                    <div id=\"ac-puedo_inscribirme_en_medicareadvantage_si_todava_estoy_trabajando_y_tengo_seguro_del_empleador\" class=\"pds-accordion__content\">\n                        \n\n<p>S\u00ed, pero muchos posponen la Parte\u00a0B (seguro m\u00e9dico) mientras est\u00e1n cubiertos a trav\u00e9s del trabajo. Una vez que finaliza la cobertura del empleador, tiene un Per\u00edodo de inscripci\u00f3n especial de 8\u00a0meses para inscribirse.<\/p>\n\n\n                    <\/div>\n                <\/div>\n\n<div id=\"cules_son_los_riesgos_de_no_cumplir_con_los_plazos_de_inscripcin\" class=\"pds-accordion__item pds-js-accordion-item pds-no-js\" data-pds-tabs--initially-open=\"false\" data-pds-tabs--click-to-close=\"true\" data-pds-tabs--auto-close=\"true\" data-pds-tabs--scroll=\"false\" data-pds-tabs--scroll-offset=\"0\"  data-pds-tabs--icon-type=\"\" data-pds-tabs--icon=\"true\"  data-pds-tabs--icon-size=\"\" >\n                    <div id=\"at-cules_son_los_riesgos_de_no_cumplir_con_los_plazos_de_inscripcin\" class=\"pds-accordion__title pds-js-accordion-controller\" ><span class=\"pds-accordion__heading\" role=\"heading\" aria-level=\"3\"><strong><strong>\u00bfCu\u00e1les son los riesgos de no cumplir con los plazos de inscripci\u00f3n?<\/strong><\/strong><\/span><span class=\"pds-accordion__icon\" role=\"presentation\" aria-hidden=\"true\"><svg xmlns=\"http:\/\/www.w3.org\/2000\/svg\" viewBox=\"0 0 12 7.4099998\" width=\".75rem\" height=\".75rem\"><path d=\"M12 1.41 10.59 0 6 4.58 1.41 0 0 1.41l6 6z\" fill=\"currentColor\"\/><\/svg><\/span><\/div>\n                    <div id=\"ac-cules_son_los_riesgos_de_no_cumplir_con_los_plazos_de_inscripcin\" class=\"pds-accordion__content\">\n                        \n\n<p>No cumplir con los plazos puede provocar interrupciones en la cobertura y sanciones, como una prima m\u00e1s alta de la Parte\u00a0B o una multa por inscripci\u00f3n tard\u00eda en la Parte\u00a0D que puede durar toda la vida.<\/p>\n\n\n                    <\/div>\n                <\/div>\n\n<div id=\"todos_los_planes_medicareadvantage_incluyen_cobertura_para_medicamentos_con_receta\" class=\"pds-accordion__item pds-js-accordion-item pds-no-js\" data-pds-tabs--initially-open=\"false\" data-pds-tabs--click-to-close=\"true\" data-pds-tabs--auto-close=\"true\" data-pds-tabs--scroll=\"false\" data-pds-tabs--scroll-offset=\"0\"  data-pds-tabs--icon-type=\"\" data-pds-tabs--icon=\"true\"  data-pds-tabs--icon-size=\"\" >\n                    <div id=\"at-todos_los_planes_medicareadvantage_incluyen_cobertura_para_medicamentos_con_receta\" class=\"pds-accordion__title pds-js-accordion-controller\" ><span class=\"pds-accordion__heading\" role=\"heading\" aria-level=\"3\"><strong><strong>\u00bfTodos los planes Medicare\u00a0Advantage incluyen cobertura para medicamentos con receta?<\/strong><\/strong><\/span><span class=\"pds-accordion__icon\" role=\"presentation\" aria-hidden=\"true\"><svg xmlns=\"http:\/\/www.w3.org\/2000\/svg\" viewBox=\"0 0 12 7.4099998\" width=\".75rem\" height=\".75rem\"><path d=\"M12 1.41 10.59 0 6 4.58 1.41 0 0 1.41l6 6z\" fill=\"currentColor\"\/><\/svg><\/span><\/div>\n                    <div id=\"ac-todos_los_planes_medicareadvantage_incluyen_cobertura_para_medicamentos_con_receta\" class=\"pds-accordion__content\">\n                        \n\n<p>Muchos s\u00ed, pero no todos. Algunos planes requieren un plan de medicamentos de la Parte\u00a0D por separado. Aseg\u00farese de verificarlo antes de inscribirse. Todos los planes que ofrece Elderplan incluyen cobertura para medicamentos con receta.<\/p>\n\n\n                    <\/div>\n                <\/div>\n\n<div id=\"qu_sucede_si_me_mudo_fuera_del_rea_de_servicio_de_mi_plan\" class=\"pds-accordion__item pds-js-accordion-item pds-no-js\" data-pds-tabs--initially-open=\"false\" data-pds-tabs--click-to-close=\"true\" data-pds-tabs--auto-close=\"true\" data-pds-tabs--scroll=\"false\" data-pds-tabs--scroll-offset=\"0\"  data-pds-tabs--icon-type=\"\" data-pds-tabs--icon=\"true\"  data-pds-tabs--icon-size=\"\" >\n                    <div id=\"at-qu_sucede_si_me_mudo_fuera_del_rea_de_servicio_de_mi_plan\" class=\"pds-accordion__title pds-js-accordion-controller\" ><span class=\"pds-accordion__heading\" role=\"heading\" aria-level=\"3\"><strong><strong>\u00bfQu\u00e9 sucede si me mudo fuera del \u00e1rea de servicio de mi plan?<\/strong><\/strong><\/span><span class=\"pds-accordion__icon\" role=\"presentation\" aria-hidden=\"true\"><svg xmlns=\"http:\/\/www.w3.org\/2000\/svg\" viewBox=\"0 0 12 7.4099998\" width=\".75rem\" height=\".75rem\"><path d=\"M12 1.41 10.59 0 6 4.58 1.41 0 0 1.41l6 6z\" fill=\"currentColor\"\/><\/svg><\/span><\/div>\n                    <div id=\"ac-qu_sucede_si_me_mudo_fuera_del_rea_de_servicio_de_mi_plan\" class=\"pds-accordion__content\">\n                        \n\n<p>Calificar\u00e1 para un Per\u00edodo de inscripci\u00f3n especial para elegir un nuevo plan en el lugar donde vive o volver a Original\u00a0Medicare.<\/p>\n\n\n                    <\/div>\n                <\/div>\n\n<div id=\"cmo_puedo_prepararme_antes_de_los_perodos_de_inscripcin_en_medicareadvantage\" class=\"pds-accordion__item pds-js-accordion-item pds-no-js\" data-pds-tabs--initially-open=\"false\" data-pds-tabs--click-to-close=\"true\" data-pds-tabs--auto-close=\"true\" data-pds-tabs--scroll=\"false\" data-pds-tabs--scroll-offset=\"0\"  data-pds-tabs--icon-type=\"\" data-pds-tabs--icon=\"true\"  data-pds-tabs--icon-size=\"\" >\n                    <div id=\"at-cmo_puedo_prepararme_antes_de_los_perodos_de_inscripcin_en_medicareadvantage\" class=\"pds-accordion__title pds-js-accordion-controller\" ><span class=\"pds-accordion__heading\" role=\"heading\" aria-level=\"3\"><strong><strong>\u00bfC\u00f3mo puedo prepararme antes de los per\u00edodos de inscripci\u00f3n en Medicare\u00a0Advantage?<\/strong><\/strong><\/span><span class=\"pds-accordion__icon\" role=\"presentation\" aria-hidden=\"true\"><svg xmlns=\"http:\/\/www.w3.org\/2000\/svg\" viewBox=\"0 0 12 7.4099998\" width=\".75rem\" height=\".75rem\"><path d=\"M12 1.41 10.59 0 6 4.58 1.41 0 0 1.41l6 6z\" fill=\"currentColor\"\/><\/svg><\/span><\/div>\n                    <div id=\"ac-cmo_puedo_prepararme_antes_de_los_perodos_de_inscripcin_en_medicareadvantage\" class=\"pds-accordion__content\">\n                        \n\n<p>Compare los planes con anticipaci\u00f3n. Revise las primas, las redes de proveedores, la cobertura de medicamentos y los gastos no cubiertos m\u00e1ximos para elegir el plan que mejor se adapte a sus necesidades. Programe una cita con un asesor de beneficios de Elderplan para comparar sus beneficios.<\/p>\n\n\n                    <\/div>\n                <\/div>\n\n                        <\/div>\n                    <\/div>\n                    \n            <\/div><\/div>\n\n\n\n<div class=\"wp-block-column is-layout-flow wp-block-column-is-layout-flow\" style=\"flex-basis:33.33%\">\n<figure class=\"wp-block-image size-large\"><img loading=\"lazy\" decoding=\"async\" width=\"600\" height=\"390\" src=\"https:\/\/elderplan.imgix.net\/2021\/04\/cornfield-1.jpg?fm=pjpg\" alt=\"Mujer enviando un mensaje de texto en el tel\u00e9fono\" class=\"wp-image-12139\" srcset=\"https:\/\/elderplan.imgix.net\/2021\/04\/cornfield-1.jpg?fit=scale&amp;fm=pjpg&amp;h=832&amp;w=1280 1280w, https:\/\/elderplan.imgix.net\/2021\/04\/cornfield-1.jpg?fit=scale&amp;fm=pjpg&amp;h=998&amp;w=1536 1536w, https:\/\/elderplan.imgix.net\/2021\/04\/cornfield-1.jpg?fit=scale&amp;fm=pjpg&amp;h=1331&amp;w=2048 2048w, https:\/\/elderplan.imgix.net\/2021\/04\/cornfield-1.jpg?fm=pjpg 600w\" sizes=\"auto, (max-width: 600px) 100vw, 600px\" \/><\/figure>\n\n\n\n<blockquote class=\"wp-block-quote is-layout-flow wp-block-quote-is-layout-flow\">\n<p>\n<strong>\u00bfDesea obtener m\u00e1s informaci\u00f3n sobre la inscripci\u00f3n en un plan Medicare Advantage con Elderplan? Nuestros asesores de beneficios pueden ayudar.<\/strong>\n<\/p>\n<\/blockquote>\n\n\n\n<div class=\"wp-block-buttons is-layout-flex wp-block-buttons-is-layout-flex\">\n<div class=\"wp-block-button\"><a class=\"wp-block-button__link wp-element-button\" href=\"\/es\/enroll\/make-an-appointment\/\">Concertar una cita<\/a><\/div>\n<\/div>\n<\/div>\n<\/div>\n","protected":false},"excerpt":{"rendered":"<p>Per\u00edodos de inscripci\u00f3n en los planes Medicare Advantage Para inscribirse en un plan Medicare Advantage, primero debe estar inscrito en Original Medicare (Parte A y B de Medicare). El plazo [&hellip;]<\/p>\n","protected":false},"author":1,"featured_media":0,"parent":99,"menu_order":2,"comment_status":"closed","ping_status":"closed","template":"","meta":{"_acf_changed":false,"footnotes":""},"categories":[],"class_list":["post-14969","page","type-page","status-publish","hentry"],"translation":{"provider":"WPGlobus","version":"3.0.0","language":"es","enabled_languages":["en","es","zh"],"languages":{"en":{"title":true,"content":true,"excerpt":false},"es":{"title":true,"content":true,"excerpt":false},"zh":{"title":true,"content":true,"excerpt":false}}},"acf":[],"jetpack_sharing_enabled":true,"publishpress_future_action":{"enabled":false,"date":"2026-05-06 00:27:15","action":"change-status","newStatus":"draft","terms":[],"taxonomy":"category","extraData":[]},"publishpress_future_workflow_manual_trigger":{"enabledWorkflows":[]},"_links":{"self":[{"href":"https:\/\/elderplan0.wpengine.com\/es\/wp-json\/wp\/v2\/pages\/14969","targetHints":{"allow":["GET"]}}],"collection":[{"href":"https:\/\/elderplan0.wpengine.com\/es\/wp-json\/wp\/v2\/pages"}],"about":[{"href":"https:\/\/elderplan0.wpengine.com\/es\/wp-json\/wp\/v2\/types\/page"}],"author":[{"embeddable":true,"href":"https:\/\/elderplan0.wpengine.com\/es\/wp-json\/wp\/v2\/users\/1"}],"replies":[{"embeddable":true,"href":"https:\/\/elderplan0.wpengine.com\/es\/wp-json\/wp\/v2\/comments?post=14969"}],"version-history":[{"count":0,"href":"https:\/\/elderplan0.wpengine.com\/es\/wp-json\/wp\/v2\/pages\/14969\/revisions"}],"up":[{"embeddable":true,"href":"https:\/\/elderplan0.wpengine.com\/es\/wp-json\/wp\/v2\/pages\/99"}],"wp:attachment":[{"href":"https:\/\/elderplan0.wpengine.com\/es\/wp-json\/wp\/v2\/media?parent=14969"}],"wp:term":[{"taxonomy":"category","embeddable":true,"href":"https:\/\/elderplan0.wpengine.com\/es\/wp-json\/wp\/v2\/categories?post=14969"}],"curies":[{"name":"wp","href":"https:\/\/api.w.org\/{rel}","templated":true}]}}